{"id":149588,"date":"2026-01-06T16:34:30","date_gmt":"2026-01-06T15:34:30","guid":{"rendered":"https:\/\/www.antiquites-lecomte.com\/boutique\/uncategorized\/louis-philippe-style-blond-cherry-two-piece-bookcase-20th-century\/"},"modified":"2026-01-09T09:56:05","modified_gmt":"2026-01-09T08:56:05","slug":"louis-philippe-style-blond-cherry-two-piece-bookcase-20th-century","status":"publish","type":"product","link":"https:\/\/www.antiquites-lecomte.com\/en\/boutique\/libraries\/louis-philippe-style-blond-cherry-two-piece-bookcase-20th-century\/","title":{"rendered":"Louis-Philippe style blond cherry two-piece bookcase &#8211; 20th century"},"content":{"rendered":"<p>Sober and elegant, this two-body bookcase in blond birch embodies the spirit of the Louis-Philippe style, revisited in the XX\u1d49 century with meticulous, functional craftsmanship.<br \/>\nThe upper body opens with three glass doors with molded frames forming an arch, revealing a four-level interior that can be modulated thanks to shelves mounted on racks, adjustable in height as required. This compartment provides ample display space for books, objets d&#8217;art or collections.<br \/>\nThe lower, deeper body features three full doors with framed panels, providing ample, discreet storage space. The whole unit rests on a solid plinth, typical of the Louis-Philippe style, combining sober lines and the warmth of wood.<br \/>\nAll locks are functional and come with their own keys. A piece of furniture with character, both practical and decorative, ideal for structuring a work, reading or reception area with distinction.   <\/p>\n<p>&nbsp;<\/p>\n<p>********<\/p>\n<p>Period: 20th century<\/p>\n<p>Excellent condition. Waxed finish. <\/p>\n<p>Delivery by quotation in France and abroad.<\/p>\n<p>Maximum dimensions:<br \/>\nWidth: 171 cm<br \/>\nDepth: 55 cm<br \/>\nHeight: 218 cm<\/p>\n<p>Reference : Cop29<\/p>\n","protected":false},"excerpt":{"rendered":"<p>Sober and elegant, this two-body bookcase in blond birch embodies the spirit of the Louis-Philippe style, revisited in the XX\u1d49 century with meticulous, functional craftsmanship. The upper body opens with three glass doors with molded frames forming an arch, revealing a four-level interior that can be modulated thanks to shelves mounted on racks, adjustable in [&hellip;]<\/p>\n","protected":false},"featured_media":149589,"template":"","meta":[],"product_brand":[],"product_cat":[134,170],"product_tag":[],"class_list":{"0":"post-149588","1":"product","2":"type-product","3":"status-publish","4":"has-post-thumbnail","6":"product_cat-libraries","7":"product_cat-reproductions-marine-furniture-and-others","8":"pa_style-louis-philippe","10":"first","11":"instock","12":"shipping-taxable","13":"purchasable","14":"product-type-simple"},"yoast_head":"<!-- This site is optimized with the Yoast SEO plugin v26.6 - https:\/\/yoast.com\/wordpress\/plugins\/seo\/ -->\n<title>Blond cherrywood bookcase, Louis-Philippe style - 20th century<\/title>\n<meta name=\"description\" content=\"Sober and elegant, this two-body bookcase in blond cherrywood embodies the spirit of the Louis-Philippe style, revisited in the XX\u1d49 century ...\" \/>\n<meta name=\"robots\" content=\"index, follow, max-snippet:-1, max-image-preview:large, max-video-preview:-1\" \/>\n<link rel=\"canonical\" href=\"https:\/\/www.antiquites-lecomte.com\/en\/boutique\/libraries\/louis-philippe-style-blond-cherry-two-piece-bookcase-20th-century\/\" \/>\n<meta property=\"og:locale\" content=\"en_US\" \/>\n<meta property=\"og:type\" content=\"article\" \/>\n<meta property=\"og:title\" content=\"Blond cherrywood bookcase, Louis-Philippe style - 20th century\" \/>\n<meta property=\"og:description\" content=\"Sober and elegant, this two-body bookcase in blond cherrywood embodies the spirit of the Louis-Philippe style, revisited in the XX\u1d49 century ...\" \/>\n<meta property=\"og:url\" content=\"https:\/\/www.antiquites-lecomte.com\/en\/boutique\/libraries\/louis-philippe-style-blond-cherry-two-piece-bookcase-20th-century\/\" \/>\n<meta property=\"og:site_name\" content=\"Antiquit\u00e9s Lecomte\" \/>\n<meta property=\"article:publisher\" content=\"https:\/\/www.facebook.com\/AntiquitesLecomte\/\" \/>\n<meta property=\"article:modified_time\" content=\"2026-01-09T08:56:05+00:00\" \/>\n<meta property=\"og:image\" content=\"https:\/\/www.antiquites-lecomte.com\/wp-content\/uploads\/2026\/01\/1-3.jpg\" \/>\n\t<meta property=\"og:image:width\" content=\"800\" \/>\n\t<meta property=\"og:image:height\" content=\"800\" \/>\n\t<meta property=\"og:image:type\" content=\"image\/jpeg\" \/>\n<meta name=\"twitter:card\" content=\"summary_large_image\" \/>\n<meta name=\"twitter:label1\" content=\"Est. reading time\" \/>\n\t<meta name=\"twitter:data1\" content=\"1 minute\" \/>\n<script type=\"application\/ld+json\" class=\"yoast-schema-graph\">{\"@context\":\"https:\/\/schema.org\",\"@graph\":[{\"@type\":\"WebPage\",\"@id\":\"https:\/\/www.antiquites-lecomte.com\/en\/boutique\/libraries\/louis-philippe-style-blond-cherry-two-piece-bookcase-20th-century\/\",\"url\":\"https:\/\/www.antiquites-lecomte.com\/en\/boutique\/libraries\/louis-philippe-style-blond-cherry-two-piece-bookcase-20th-century\/\",\"name\":\"Blond cherrywood bookcase, Louis-Philippe style - 20th century\",\"isPartOf\":{\"@id\":\"https:\/\/www.antiquites-lecomte.com\/en\/#website\"},\"primaryImageOfPage\":{\"@id\":\"https:\/\/www.antiquites-lecomte.com\/en\/boutique\/libraries\/louis-philippe-style-blond-cherry-two-piece-bookcase-20th-century\/#primaryimage\"},\"image\":{\"@id\":\"https:\/\/www.antiquites-lecomte.com\/en\/boutique\/libraries\/louis-philippe-style-blond-cherry-two-piece-bookcase-20th-century\/#primaryimage\"},\"thumbnailUrl\":\"https:\/\/www.antiquites-lecomte.com\/wp-content\/uploads\/2026\/01\/1-3.jpg\",\"datePublished\":\"2026-01-06T15:34:30+00:00\",\"dateModified\":\"2026-01-09T08:56:05+00:00\",\"description\":\"Sober and elegant, this two-body bookcase in blond cherrywood embodies the spirit of the Louis-Philippe style, revisited in the XX\u1d49 century ...\",\"breadcrumb\":{\"@id\":\"https:\/\/www.antiquites-lecomte.com\/en\/boutique\/libraries\/louis-philippe-style-blond-cherry-two-piece-bookcase-20th-century\/#breadcrumb\"},\"inLanguage\":\"en-US\",\"potentialAction\":[{\"@type\":\"ReadAction\",\"target\":[\"https:\/\/www.antiquites-lecomte.com\/en\/boutique\/libraries\/louis-philippe-style-blond-cherry-two-piece-bookcase-20th-century\/\"]}]},{\"@type\":\"ImageObject\",\"inLanguage\":\"en-US\",\"@id\":\"https:\/\/www.antiquites-lecomte.com\/en\/boutique\/libraries\/louis-philippe-style-blond-cherry-two-piece-bookcase-20th-century\/#primaryimage\",\"url\":\"https:\/\/www.antiquites-lecomte.com\/wp-content\/uploads\/2026\/01\/1-3.jpg\",\"contentUrl\":\"https:\/\/www.antiquites-lecomte.com\/wp-content\/uploads\/2026\/01\/1-3.jpg\",\"width\":800,\"height\":800},{\"@type\":\"BreadcrumbList\",\"@id\":\"https:\/\/www.antiquites-lecomte.com\/en\/boutique\/libraries\/louis-philippe-style-blond-cherry-two-piece-bookcase-20th-century\/#breadcrumb\",\"itemListElement\":[{\"@type\":\"ListItem\",\"position\":1,\"name\":\"Accueil\",\"item\":\"https:\/\/www.antiquites-lecomte.com\/en\/\"},{\"@type\":\"ListItem\",\"position\":2,\"name\":\"Shop\",\"item\":\"https:\/\/www.antiquites-lecomte.com\/en\/shop\/\"},{\"@type\":\"ListItem\",\"position\":3,\"name\":\"Louis-Philippe style blond cherry two-piece bookcase &#8211; 20th century\"}]},{\"@type\":\"WebSite\",\"@id\":\"https:\/\/www.antiquites-lecomte.com\/en\/#website\",\"url\":\"https:\/\/www.antiquites-lecomte.com\/en\/\",\"name\":\"Antiquit\u00e9s Lecomte\",\"description\":\"L&#039;\u00c9l\u00e9gance d&#039;Hier, le Style d&#039;Aujourd&#039;hui\",\"publisher\":{\"@id\":\"https:\/\/www.antiquites-lecomte.com\/en\/#organization\"},\"potentialAction\":[{\"@type\":\"SearchAction\",\"target\":{\"@type\":\"EntryPoint\",\"urlTemplate\":\"https:\/\/www.antiquites-lecomte.com\/en\/?s={search_term_string}\"},\"query-input\":{\"@type\":\"PropertyValueSpecification\",\"valueRequired\":true,\"valueName\":\"search_term_string\"}}],\"inLanguage\":\"en-US\"},{\"@type\":\"Organization\",\"@id\":\"https:\/\/www.antiquites-lecomte.com\/en\/#organization\",\"name\":\"Antiquit\u00e9s Lecomte\",\"url\":\"https:\/\/www.antiquites-lecomte.com\/en\/\",\"logo\":{\"@type\":\"ImageObject\",\"inLanguage\":\"en-US\",\"@id\":\"https:\/\/www.antiquites-lecomte.com\/en\/#\/schema\/logo\/image\/\",\"url\":\"https:\/\/www.antiquites-lecomte.com\/wp-content\/uploads\/2024\/02\/Logo-Antiquites-Lecomte-Rond-2021.png\",\"contentUrl\":\"https:\/\/www.antiquites-lecomte.com\/wp-content\/uploads\/2024\/02\/Logo-Antiquites-Lecomte-Rond-2021.png\",\"width\":500,\"height\":500,\"caption\":\"Antiquit\u00e9s Lecomte\"},\"image\":{\"@id\":\"https:\/\/www.antiquites-lecomte.com\/en\/#\/schema\/logo\/image\/\"},\"sameAs\":[\"https:\/\/www.facebook.com\/AntiquitesLecomte\/\",\"https:\/\/fr.pinterest.com\/antiquitelecomte\"]}]}<\/script>\n<!-- \/ Yoast SEO plugin. -->","yoast_head_json":{"title":"Blond cherrywood bookcase, Louis-Philippe style - 20th century","description":"Sober and elegant, this two-body bookcase in blond cherrywood embodies the spirit of the Louis-Philippe style, revisited in the XX\u1d49 century ...","robots":{"index":"index","follow":"follow","max-snippet":"max-snippet:-1","max-image-preview":"max-image-preview:large","max-video-preview":"max-video-preview:-1"},"canonical":"https:\/\/www.antiquites-lecomte.com\/en\/boutique\/libraries\/louis-philippe-style-blond-cherry-two-piece-bookcase-20th-century\/","og_locale":"en_US","og_type":"article","og_title":"Blond cherrywood bookcase, Louis-Philippe style - 20th century","og_description":"Sober and elegant, this two-body bookcase in blond cherrywood embodies the spirit of the Louis-Philippe style, revisited in the XX\u1d49 century ...","og_url":"https:\/\/www.antiquites-lecomte.com\/en\/boutique\/libraries\/louis-philippe-style-blond-cherry-two-piece-bookcase-20th-century\/","og_site_name":"Antiquit\u00e9s Lecomte","article_publisher":"https:\/\/www.facebook.com\/AntiquitesLecomte\/","article_modified_time":"2026-01-09T08:56:05+00:00","og_image":[{"width":800,"height":800,"url":"https:\/\/www.antiquites-lecomte.com\/wp-content\/uploads\/2026\/01\/1-3.jpg","type":"image\/jpeg"}],"twitter_card":"summary_large_image","twitter_misc":{"Est. reading time":"1 minute"},"schema":{"@context":"https:\/\/schema.org","@graph":[{"@type":"WebPage","@id":"https:\/\/www.antiquites-lecomte.com\/en\/boutique\/libraries\/louis-philippe-style-blond-cherry-two-piece-bookcase-20th-century\/","url":"https:\/\/www.antiquites-lecomte.com\/en\/boutique\/libraries\/louis-philippe-style-blond-cherry-two-piece-bookcase-20th-century\/","name":"Blond cherrywood bookcase, Louis-Philippe style - 20th century","isPartOf":{"@id":"https:\/\/www.antiquites-lecomte.com\/en\/#website"},"primaryImageOfPage":{"@id":"https:\/\/www.antiquites-lecomte.com\/en\/boutique\/libraries\/louis-philippe-style-blond-cherry-two-piece-bookcase-20th-century\/#primaryimage"},"image":{"@id":"https:\/\/www.antiquites-lecomte.com\/en\/boutique\/libraries\/louis-philippe-style-blond-cherry-two-piece-bookcase-20th-century\/#primaryimage"},"thumbnailUrl":"https:\/\/www.antiquites-lecomte.com\/wp-content\/uploads\/2026\/01\/1-3.jpg","datePublished":"2026-01-06T15:34:30+00:00","dateModified":"2026-01-09T08:56:05+00:00","description":"Sober and elegant, this two-body bookcase in blond cherrywood embodies the spirit of the Louis-Philippe style, revisited in the XX\u1d49 century ...","breadcrumb":{"@id":"https:\/\/www.antiquites-lecomte.com\/en\/boutique\/libraries\/louis-philippe-style-blond-cherry-two-piece-bookcase-20th-century\/#breadcrumb"},"inLanguage":"en-US","potentialAction":[{"@type":"ReadAction","target":["https:\/\/www.antiquites-lecomte.com\/en\/boutique\/libraries\/louis-philippe-style-blond-cherry-two-piece-bookcase-20th-century\/"]}]},{"@type":"ImageObject","inLanguage":"en-US","@id":"https:\/\/www.antiquites-lecomte.com\/en\/boutique\/libraries\/louis-philippe-style-blond-cherry-two-piece-bookcase-20th-century\/#primaryimage","url":"https:\/\/www.antiquites-lecomte.com\/wp-content\/uploads\/2026\/01\/1-3.jpg","contentUrl":"https:\/\/www.antiquites-lecomte.com\/wp-content\/uploads\/2026\/01\/1-3.jpg","width":800,"height":800},{"@type":"BreadcrumbList","@id":"https:\/\/www.antiquites-lecomte.com\/en\/boutique\/libraries\/louis-philippe-style-blond-cherry-two-piece-bookcase-20th-century\/#breadcrumb","itemListElement":[{"@type":"ListItem","position":1,"name":"Accueil","item":"https:\/\/www.antiquites-lecomte.com\/en\/"},{"@type":"ListItem","position":2,"name":"Shop","item":"https:\/\/www.antiquites-lecomte.com\/en\/shop\/"},{"@type":"ListItem","position":3,"name":"Louis-Philippe style blond cherry two-piece bookcase &#8211; 20th century"}]},{"@type":"WebSite","@id":"https:\/\/www.antiquites-lecomte.com\/en\/#website","url":"https:\/\/www.antiquites-lecomte.com\/en\/","name":"Antiquit\u00e9s Lecomte","description":"L&#039;\u00c9l\u00e9gance d&#039;Hier, le Style d&#039;Aujourd&#039;hui","publisher":{"@id":"https:\/\/www.antiquites-lecomte.com\/en\/#organization"},"potentialAction":[{"@type":"SearchAction","target":{"@type":"EntryPoint","urlTemplate":"https:\/\/www.antiquites-lecomte.com\/en\/?s={search_term_string}"},"query-input":{"@type":"PropertyValueSpecification","valueRequired":true,"valueName":"search_term_string"}}],"inLanguage":"en-US"},{"@type":"Organization","@id":"https:\/\/www.antiquites-lecomte.com\/en\/#organization","name":"Antiquit\u00e9s Lecomte","url":"https:\/\/www.antiquites-lecomte.com\/en\/","logo":{"@type":"ImageObject","inLanguage":"en-US","@id":"https:\/\/www.antiquites-lecomte.com\/en\/#\/schema\/logo\/image\/","url":"https:\/\/www.antiquites-lecomte.com\/wp-content\/uploads\/2024\/02\/Logo-Antiquites-Lecomte-Rond-2021.png","contentUrl":"https:\/\/www.antiquites-lecomte.com\/wp-content\/uploads\/2024\/02\/Logo-Antiquites-Lecomte-Rond-2021.png","width":500,"height":500,"caption":"Antiquit\u00e9s Lecomte"},"image":{"@id":"https:\/\/www.antiquites-lecomte.com\/en\/#\/schema\/logo\/image\/"},"sameAs":["https:\/\/www.facebook.com\/AntiquitesLecomte\/","https:\/\/fr.pinterest.com\/antiquitelecomte"]}]}},"_links":{"self":[{"href":"https:\/\/www.antiquites-lecomte.com\/en\/wp-json\/wp\/v2\/product\/149588","targetHints":{"allow":["GET"]}}],"collection":[{"href":"https:\/\/www.antiquites-lecomte.com\/en\/wp-json\/wp\/v2\/product"}],"about":[{"href":"https:\/\/www.antiquites-lecomte.com\/en\/wp-json\/wp\/v2\/types\/product"}],"wp:featuredmedia":[{"embeddable":true,"href":"https:\/\/www.antiquites-lecomte.com\/en\/wp-json\/wp\/v2\/media\/149589"}],"wp:attachment":[{"href":"https:\/\/www.antiquites-lecomte.com\/en\/wp-json\/wp\/v2\/media?parent=149588"}],"wp:term":[{"taxonomy":"product_brand","embeddable":true,"href":"https:\/\/www.antiquites-lecomte.com\/en\/wp-json\/wp\/v2\/product_brand?post=149588"},{"taxonomy":"product_cat","embeddable":true,"href":"https:\/\/www.antiquites-lecomte.com\/en\/wp-json\/wp\/v2\/product_cat?post=149588"},{"taxonomy":"product_tag","embeddable":true,"href":"https:\/\/www.antiquites-lecomte.com\/en\/wp-json\/wp\/v2\/product_tag?post=149588"}],"curies":[{"name":"wp","href":"https:\/\/api.w.org\/{rel}","templated":true}]}}