{"id":149323,"date":"2021-11-24T17:31:01","date_gmt":"2021-11-24T16:31:01","guid":{"rendered":"https:\/\/www.antiquites-lecomte.com\/?page_id=149323"},"modified":"2025-12-24T14:21:31","modified_gmt":"2025-12-24T13:21:31","slug":"privacy-policy","status":"publish","type":"page","link":"https:\/\/www.antiquites-lecomte.com\/en\/privacy-policy\/","title":{"rendered":"Privacy policy"},"content":{"rendered":"\t\t<div data-elementor-type=\"wp-page\" data-elementor-id=\"149323\" class=\"elementor elementor-149323 elementor-3\" data-elementor-post-type=\"page\">\n\t\t\t\t<div class=\"elementor-element elementor-element-1853576a e-flex e-con-boxed e-con e-parent\" data-id=\"1853576a\" data-element_type=\"container\">\n\t\t\t\t\t<div class=\"e-con-inner\">\n\t\t\t\t<div class=\"elementor-element elementor-element-e22bbde elementor-widget elementor-widget-heading\" data-id=\"e22bbde\" data-element_type=\"widget\" data-widget_type=\"heading.default\">\n\t\t\t\t<div class=\"elementor-widget-container\">\n\t\t\t\t\t<h1 class=\"elementor-heading-title elementor-size-default\">Privacy policy<\/h1>\t\t\t\t<\/div>\n\t\t\t\t<\/div>\n\t\t\t\t<div class=\"elementor-element elementor-element-453c2e5a elementor-widget elementor-widget-text-editor\" data-id=\"453c2e5a\" data-element_type=\"widget\" data-widget_type=\"text-editor.default\">\n\t\t\t\t<div class=\"elementor-widget-container\">\n\t\t\t\t\t\t\t\t\t<p>Who are we?<\/p>\n<p>\u00a0<\/p>\n<p><br \/>Our website address is: https:\/\/www.antiquites-lecomte.com.<\/p>\n<p>\u00a0<\/p>\n<p><br \/>Comments<\/p>\n<p>\u00a0<\/p>\n<p><br \/>When you leave a comment on our site, the data entered in the comment form, as well as your IP address and your browser&#8217;s user agent, are collected to help us detect unwanted comments.<\/p>\n<p>\u00a0<\/p>\n<p><br \/>An anonymised string created from your email address (also called a hash) may be sent to the Gravatar service to check whether you are using it. The Gravatar service&#8217;s privacy policy is available here: https:\/\/automattic.com\/privacy\/. Once your comment has been approved, your profile picture will be publicly visible next to your comment.<\/p>\n<p>\u00a0<\/p>\n<p><br \/>Media<\/p>\n<p>\u00a0<\/p>\n<p><br \/>If you upload images to the site, we advise you to avoid uploading images containing EXIF GPS coordinate data. Visitors to your site can download and extract location data from these images.<\/p>\n<p>\u00a0<\/p>\n<p><br \/>Cookies<\/p>\n<p>\u00a0<\/p>\n<p><br \/>If you leave a comment on our site, you will be asked to save your name, e-mail address and website in cookies. This is solely for your convenience, so that you do not have to enter this information if you leave another comment later. These cookies expire after one year.<\/p>\n<p>\u00a0<\/p>\n<p><br \/>If you go to the login page, a temporary cookie will be created to determine whether your browser accepts cookies. It does not contain any personal data and will be deleted automatically when you close your browser.<\/p>\n<p>\u00a0<\/p>\n<p><br \/>When you log in, we will set up a number of cookies to record your login information and screen preferences. The lifetime of a login cookie is two days, and that of a screen option cookie is one year. If you tick \u2018Remember me\u2019, your login cookie will be stored for two weeks. If you log out of your account, the login cookie will be deleted.<\/p>\n<p>\u00a0<\/p>\n<p><br \/>When you edit or publish a post, an additional cookie will be stored in your browser. This cookie does not contain any personal data. It simply indicates the ID of the post you have just edited. It expires after one day.<\/p>\n<p>\u00a0<\/p>\n<p><br \/>Embedded content from other websites<\/p>\n<p>\u00a0<\/p>\n<p><br \/>Articles on this site may include embedded content (e.g. videos, images, articles, etc.). Content embedded from other websites behaves in the same way as if the visitor had visited that other website.<\/p>\n<p>\u00a0<\/p>\n<p><br \/>These websites may collect data about you, use cookies, embed third-party tracking tools, track your interactions with this embedded content if you have an account logged in to their website.<\/p>\n<p>\u00a0<\/p>\n<p><br \/>Use and transmission of your personal data<\/p>\n<p>\u00a0<\/p>\n<p><br \/>If you request a password reset, your IP address will be included in the reset email.<\/p>\n<p>\u00a0<\/p>\n<p><br \/>How long we store your data<\/p>\n<p>\u00a0<\/p>\n<p><br \/>If you leave a comment, the comment and its metadata are retained indefinitely. This allows us to automatically recognise and approve any follow-up comments instead of holding them in the moderation queue.<\/p>\n<p>\u00a0<\/p>\n<p><br \/>For accounts that register on our site (if applicable), we also store the personal data indicated in their profile. All accounts can view, modify or delete their personal information at any time (except for their username). Site administrators can also view and modify this information.<\/p>\n<p>\u00a0<\/p>\n<p><br \/>Your rights regarding your data<\/p>\n<p>\u00a0<\/p>\n<p><br \/>If you have an account or have left comments on the site, you can request to receive a file containing all the personal data we hold about you, including that which you have provided to us. You can also request the deletion of your personal data. This does not include data stored for administrative, legal or security purposes.<\/p>\n<p>\u00a0<\/p>\n<p><br \/>Transmission of your personal data<\/p>\n<p>\u00a0<\/p>\n<p><br \/>Visitor comments may be checked using an automated spam detection service.<\/p>\t\t\t\t\t\t\t\t<\/div>\n\t\t\t\t<\/div>\n\t\t\t\t\t<\/div>\n\t\t\t\t<\/div>\n\t\t\t\t<\/div>\n\t\t","protected":false},"excerpt":{"rendered":"<p>Who are we? \u00a0 Our website address is: https:\/\/www.antiquites-lecomte.com. \u00a0 Comments \u00a0 When you leave a comment on our site, the data entered in the comment form, as well as your IP address and your browser&#8217;s user agent, are collected to help us detect unwanted comments. \u00a0 An anonymised string created from your email address [&hellip;]<\/p>\n","protected":false},"author":96,"featured_media":0,"parent":0,"menu_order":0,"comment_status":"closed","ping_status":"closed","template":"","meta":{"footnotes":""},"class_list":["post-149323","page","type-page","status-publish","hentry"],"yoast_head":"<!-- This site is optimized with the Yoast SEO plugin v26.6 - https:\/\/yoast.com\/wordpress\/plugins\/seo\/ -->\n<title>Privacy policy - Antiquit\u00e9s Lecomte<\/title>\n<meta name=\"robots\" content=\"index, follow, max-snippet:-1, max-image-preview:large, max-video-preview:-1\" \/>\n<link rel=\"canonical\" href=\"https:\/\/www.antiquites-lecomte.com\/en\/privacy-policy\/\" \/>\n<meta property=\"og:locale\" content=\"en_US\" \/>\n<meta property=\"og:type\" content=\"article\" \/>\n<meta property=\"og:title\" content=\"Privacy policy - Antiquit\u00e9s Lecomte\" \/>\n<meta property=\"og:description\" content=\"Who are we? \u00a0 Our website address is: https:\/\/www.antiquites-lecomte.com. \u00a0 Comments \u00a0 When you leave a comment on our site, the data entered in the comment form, as well as your IP address and your browser&#8217;s user agent, are collected to help us detect unwanted comments. \u00a0 An anonymised string created from your email address [&hellip;]\" \/>\n<meta property=\"og:url\" content=\"https:\/\/www.antiquites-lecomte.com\/en\/privacy-policy\/\" \/>\n<meta property=\"og:site_name\" content=\"Antiquit\u00e9s Lecomte\" \/>\n<meta property=\"article:publisher\" content=\"https:\/\/www.facebook.com\/AntiquitesLecomte\/\" \/>\n<meta property=\"article:modified_time\" content=\"2025-12-24T13:21:31+00:00\" \/>\n<meta name=\"twitter:card\" content=\"summary_large_image\" \/>\n<meta name=\"twitter:label1\" content=\"Est. reading time\" \/>\n\t<meta name=\"twitter:data1\" content=\"3 minutes\" \/>\n<script type=\"application\/ld+json\" class=\"yoast-schema-graph\">{\"@context\":\"https:\/\/schema.org\",\"@graph\":[{\"@type\":\"WebPage\",\"@id\":\"https:\/\/www.antiquites-lecomte.com\/en\/privacy-policy\/\",\"url\":\"https:\/\/www.antiquites-lecomte.com\/en\/privacy-policy\/\",\"name\":\"Privacy policy - Antiquit\u00e9s Lecomte\",\"isPartOf\":{\"@id\":\"https:\/\/www.antiquites-lecomte.com\/en\/#website\"},\"datePublished\":\"2021-11-24T16:31:01+00:00\",\"dateModified\":\"2025-12-24T13:21:31+00:00\",\"breadcrumb\":{\"@id\":\"https:\/\/www.antiquites-lecomte.com\/en\/privacy-policy\/#breadcrumb\"},\"inLanguage\":\"en-US\",\"potentialAction\":[{\"@type\":\"ReadAction\",\"target\":[\"https:\/\/www.antiquites-lecomte.com\/en\/privacy-policy\/\"]}]},{\"@type\":\"BreadcrumbList\",\"@id\":\"https:\/\/www.antiquites-lecomte.com\/en\/privacy-policy\/#breadcrumb\",\"itemListElement\":[{\"@type\":\"ListItem\",\"position\":1,\"name\":\"Accueil\",\"item\":\"https:\/\/www.antiquites-lecomte.com\/en\/\"},{\"@type\":\"ListItem\",\"position\":2,\"name\":\"Privacy policy\"}]},{\"@type\":\"WebSite\",\"@id\":\"https:\/\/www.antiquites-lecomte.com\/en\/#website\",\"url\":\"https:\/\/www.antiquites-lecomte.com\/en\/\",\"name\":\"Antiquit\u00e9s Lecomte\",\"description\":\"L&#039;\u00c9l\u00e9gance d&#039;Hier, le Style d&#039;Aujourd&#039;hui\",\"publisher\":{\"@id\":\"https:\/\/www.antiquites-lecomte.com\/en\/#organization\"},\"potentialAction\":[{\"@type\":\"SearchAction\",\"target\":{\"@type\":\"EntryPoint\",\"urlTemplate\":\"https:\/\/www.antiquites-lecomte.com\/en\/?s={search_term_string}\"},\"query-input\":{\"@type\":\"PropertyValueSpecification\",\"valueRequired\":true,\"valueName\":\"search_term_string\"}}],\"inLanguage\":\"en-US\"},{\"@type\":\"Organization\",\"@id\":\"https:\/\/www.antiquites-lecomte.com\/en\/#organization\",\"name\":\"Antiquit\u00e9s Lecomte\",\"url\":\"https:\/\/www.antiquites-lecomte.com\/en\/\",\"logo\":{\"@type\":\"ImageObject\",\"inLanguage\":\"en-US\",\"@id\":\"https:\/\/www.antiquites-lecomte.com\/en\/#\/schema\/logo\/image\/\",\"url\":\"https:\/\/www.antiquites-lecomte.com\/wp-content\/uploads\/2024\/02\/Logo-Antiquites-Lecomte-Rond-2021.png\",\"contentUrl\":\"https:\/\/www.antiquites-lecomte.com\/wp-content\/uploads\/2024\/02\/Logo-Antiquites-Lecomte-Rond-2021.png\",\"width\":500,\"height\":500,\"caption\":\"Antiquit\u00e9s Lecomte\"},\"image\":{\"@id\":\"https:\/\/www.antiquites-lecomte.com\/en\/#\/schema\/logo\/image\/\"},\"sameAs\":[\"https:\/\/www.facebook.com\/AntiquitesLecomte\/\",\"https:\/\/fr.pinterest.com\/antiquitelecomte\"]}]}<\/script>\n<!-- \/ Yoast SEO plugin. -->","yoast_head_json":{"title":"Privacy policy - Antiquit\u00e9s Lecomte","robots":{"index":"index","follow":"follow","max-snippet":"max-snippet:-1","max-image-preview":"max-image-preview:large","max-video-preview":"max-video-preview:-1"},"canonical":"https:\/\/www.antiquites-lecomte.com\/en\/privacy-policy\/","og_locale":"en_US","og_type":"article","og_title":"Privacy policy - Antiquit\u00e9s Lecomte","og_description":"Who are we? \u00a0 Our website address is: https:\/\/www.antiquites-lecomte.com. \u00a0 Comments \u00a0 When you leave a comment on our site, the data entered in the comment form, as well as your IP address and your browser&#8217;s user agent, are collected to help us detect unwanted comments. \u00a0 An anonymised string created from your email address [&hellip;]","og_url":"https:\/\/www.antiquites-lecomte.com\/en\/privacy-policy\/","og_site_name":"Antiquit\u00e9s Lecomte","article_publisher":"https:\/\/www.facebook.com\/AntiquitesLecomte\/","article_modified_time":"2025-12-24T13:21:31+00:00","twitter_card":"summary_large_image","twitter_misc":{"Est. reading time":"3 minutes"},"schema":{"@context":"https:\/\/schema.org","@graph":[{"@type":"WebPage","@id":"https:\/\/www.antiquites-lecomte.com\/en\/privacy-policy\/","url":"https:\/\/www.antiquites-lecomte.com\/en\/privacy-policy\/","name":"Privacy policy - Antiquit\u00e9s Lecomte","isPartOf":{"@id":"https:\/\/www.antiquites-lecomte.com\/en\/#website"},"datePublished":"2021-11-24T16:31:01+00:00","dateModified":"2025-12-24T13:21:31+00:00","breadcrumb":{"@id":"https:\/\/www.antiquites-lecomte.com\/en\/privacy-policy\/#breadcrumb"},"inLanguage":"en-US","potentialAction":[{"@type":"ReadAction","target":["https:\/\/www.antiquites-lecomte.com\/en\/privacy-policy\/"]}]},{"@type":"BreadcrumbList","@id":"https:\/\/www.antiquites-lecomte.com\/en\/privacy-policy\/#breadcrumb","itemListElement":[{"@type":"ListItem","position":1,"name":"Accueil","item":"https:\/\/www.antiquites-lecomte.com\/en\/"},{"@type":"ListItem","position":2,"name":"Privacy policy"}]},{"@type":"WebSite","@id":"https:\/\/www.antiquites-lecomte.com\/en\/#website","url":"https:\/\/www.antiquites-lecomte.com\/en\/","name":"Antiquit\u00e9s Lecomte","description":"L&#039;\u00c9l\u00e9gance d&#039;Hier, le Style d&#039;Aujourd&#039;hui","publisher":{"@id":"https:\/\/www.antiquites-lecomte.com\/en\/#organization"},"potentialAction":[{"@type":"SearchAction","target":{"@type":"EntryPoint","urlTemplate":"https:\/\/www.antiquites-lecomte.com\/en\/?s={search_term_string}"},"query-input":{"@type":"PropertyValueSpecification","valueRequired":true,"valueName":"search_term_string"}}],"inLanguage":"en-US"},{"@type":"Organization","@id":"https:\/\/www.antiquites-lecomte.com\/en\/#organization","name":"Antiquit\u00e9s Lecomte","url":"https:\/\/www.antiquites-lecomte.com\/en\/","logo":{"@type":"ImageObject","inLanguage":"en-US","@id":"https:\/\/www.antiquites-lecomte.com\/en\/#\/schema\/logo\/image\/","url":"https:\/\/www.antiquites-lecomte.com\/wp-content\/uploads\/2024\/02\/Logo-Antiquites-Lecomte-Rond-2021.png","contentUrl":"https:\/\/www.antiquites-lecomte.com\/wp-content\/uploads\/2024\/02\/Logo-Antiquites-Lecomte-Rond-2021.png","width":500,"height":500,"caption":"Antiquit\u00e9s Lecomte"},"image":{"@id":"https:\/\/www.antiquites-lecomte.com\/en\/#\/schema\/logo\/image\/"},"sameAs":["https:\/\/www.facebook.com\/AntiquitesLecomte\/","https:\/\/fr.pinterest.com\/antiquitelecomte"]}]}},"_links":{"self":[{"href":"https:\/\/www.antiquites-lecomte.com\/en\/wp-json\/wp\/v2\/pages\/149323","targetHints":{"allow":["GET"]}}],"collection":[{"href":"https:\/\/www.antiquites-lecomte.com\/en\/wp-json\/wp\/v2\/pages"}],"about":[{"href":"https:\/\/www.antiquites-lecomte.com\/en\/wp-json\/wp\/v2\/types\/page"}],"author":[{"embeddable":true,"href":"https:\/\/www.antiquites-lecomte.com\/en\/wp-json\/wp\/v2\/users\/96"}],"replies":[{"embeddable":true,"href":"https:\/\/www.antiquites-lecomte.com\/en\/wp-json\/wp\/v2\/comments?post=149323"}],"version-history":[{"count":4,"href":"https:\/\/www.antiquites-lecomte.com\/en\/wp-json\/wp\/v2\/pages\/149323\/revisions"}],"predecessor-version":[{"id":149327,"href":"https:\/\/www.antiquites-lecomte.com\/en\/wp-json\/wp\/v2\/pages\/149323\/revisions\/149327"}],"wp:attachment":[{"href":"https:\/\/www.antiquites-lecomte.com\/en\/wp-json\/wp\/v2\/media?parent=149323"}],"curies":[{"name":"wp","href":"https:\/\/api.w.org\/{rel}","templated":true}]}}