{"id":149236,"date":"2025-05-12T09:39:30","date_gmt":"2025-05-12T07:39:30","guid":{"rendered":"https:\/\/www.antiquites-lecomte.com\/about-us\/"},"modified":"2025-12-24T11:46:32","modified_gmt":"2025-12-24T10:46:32","slug":"about-us","status":"publish","type":"page","link":"https:\/\/www.antiquites-lecomte.com\/en\/about-us\/","title":{"rendered":"About us"},"content":{"rendered":"\t\t<div data-elementor-type=\"wp-page\" data-elementor-id=\"149236\" class=\"elementor elementor-149236 elementor-134545\" data-elementor-post-type=\"page\">\n\t\t\t\t<div class=\"elementor-element elementor-element-3d4c8ec e-flex e-con-boxed e-con e-parent\" data-id=\"3d4c8ec\" data-element_type=\"container\" data-settings=\"{&quot;background_background&quot;:&quot;classic&quot;}\">\n\t\t\t\t\t<div class=\"e-con-inner\">\n\t\t\t\t<div class=\"elementor-element elementor-element-27c4183 elementor-widget__width-auto elementor-invisible elementor-widget elementor-widget-heading\" data-id=\"27c4183\" data-element_type=\"widget\" data-settings=\"{&quot;_animation&quot;:&quot;fadeInUp&quot;}\" data-widget_type=\"heading.default\">\n\t\t\t\t<div class=\"elementor-widget-container\">\n\t\t\t\t\t<h1 class=\"elementor-heading-title elementor-size-default\">Passionate antique experts<br>from father to son, since 1971<\/h1>\t\t\t\t<\/div>\n\t\t\t\t<\/div>\n\t\t\t\t\t<\/div>\n\t\t\t\t<\/div>\n\t\t<div class=\"elementor-element elementor-element-959f71a e-flex e-con-boxed e-con e-parent\" data-id=\"959f71a\" data-element_type=\"container\" data-settings=\"{&quot;background_background&quot;:&quot;classic&quot;}\">\n\t\t\t\t\t<div class=\"e-con-inner\">\n\t\t\t\t<div class=\"elementor-element elementor-element-e4b4c73 title-bars elementor-widget elementor-widget-heading\" data-id=\"e4b4c73\" data-element_type=\"widget\" data-widget_type=\"heading.default\">\n\t\t\t\t<div class=\"elementor-widget-container\">\n\t\t\t\t\t<h3 class=\"elementor-heading-title elementor-size-default\">Our philosophy<\/h3>\t\t\t\t<\/div>\n\t\t\t\t<\/div>\n\t\t\t\t<div class=\"elementor-element elementor-element-b79220e elementor-widget elementor-widget-text-editor\" data-id=\"b79220e\" data-element_type=\"widget\" data-widget_type=\"text-editor.default\">\n\t\t\t\t<div class=\"elementor-widget-container\">\n\t\t\t\t\t\t\t\t\t<h3>Excellence &amp; Authenticity<\/h3><p>Each antique is selected for its beauty, originality and authenticity, then expertly restored in our cabinetmaking and restoration workshops.  <br>Our greatest satisfaction comes from sharing our passion with our customers and building lasting relationships based on trust and a love of beautiful things.<\/p>\t\t\t\t\t\t\t\t<\/div>\n\t\t\t\t<\/div>\n\t\t\t\t\t<\/div>\n\t\t\t\t<\/div>\n\t\t<div class=\"elementor-element elementor-element-b041180 e-flex e-con-boxed e-con e-parent\" data-id=\"b041180\" data-element_type=\"container\">\n\t\t\t\t\t<div class=\"e-con-inner\">\n\t\t\t\t<div class=\"elementor-element elementor-element-2c14195 title-bars elementor-widget elementor-widget-heading\" data-id=\"2c14195\" data-element_type=\"widget\" data-widget_type=\"heading.default\">\n\t\t\t\t<div class=\"elementor-widget-container\">\n\t\t\t\t\t<h3 class=\"elementor-heading-title elementor-size-default\">Styles &amp; Refinement<\/h3>\t\t\t\t<\/div>\n\t\t\t\t<\/div>\n\t\t\t\t<div class=\"elementor-element elementor-element-dd3175f surligner elementor-widget elementor-widget-text-editor\" data-id=\"dd3175f\" data-element_type=\"widget\" data-widget_type=\"text-editor.default\">\n\t\t\t\t<div class=\"elementor-widget-container\">\n\t\t\t\t\t\t\t\t\t<h3>A journey through time<\/h3><p>Our collection of antiques offers a remarkable diversity of styles and periods, emblematic witnesses to the history of interior design. We invite you to explore a variety of worlds, reflecting the richness and uniqueness of our catalog.<\/p>\t\t\t\t\t\t\t\t<\/div>\n\t\t\t\t<\/div>\n\t\t\t\t\t<\/div>\n\t\t\t\t<\/div>\n\t\t<div class=\"elementor-element elementor-element-b65ba54 e-flex e-con-boxed e-con e-parent\" data-id=\"b65ba54\" data-element_type=\"container\" data-settings=\"{&quot;background_background&quot;:&quot;classic&quot;}\">\n\t\t\t\t\t<div class=\"e-con-inner\">\n\t\t\t\t<div class=\"elementor-element elementor-element-1ec8aaa title-bars elementor-widget elementor-widget-heading\" data-id=\"1ec8aaa\" data-element_type=\"widget\" data-widget_type=\"heading.default\">\n\t\t\t\t<div class=\"elementor-widget-container\">\n\t\t\t\t\t<h3 class=\"elementor-heading-title elementor-size-default\">Our history<\/h3>\t\t\t\t<\/div>\n\t\t\t\t<\/div>\n\t\t\t\t<div class=\"elementor-element elementor-element-8861e2a elementor-widget elementor-widget-text-editor\" data-id=\"8861e2a\" data-element_type=\"widget\" data-widget_type=\"text-editor.default\">\n\t\t\t\t<div class=\"elementor-widget-container\">\n\t\t\t\t\t\t\t\t\t<h3>50 years of Passion<\/h3><p>Since 1971, Antiquit\u00e9s Lecomte has been a family-run business dedicated to preserving traditional skills and heritage. Founder Daniel Lecomte, master cabinetmaker, antique furniture restorer and antique dealer, has been sharing his passion for over 50 years in the Nantes region. He is supported by his son, Rodolphe Lecomte, who carries on the family legacy with the same fervor, and by a team of 11 dedicated employees. Together, they offer quality restored antiques to private customers and interior designers, to convey the elegance and history of treasures from the past.<\/p>\t\t\t\t\t\t\t\t<\/div>\n\t\t\t\t<\/div>\n\t\t\t\t\t<\/div>\n\t\t\t\t<\/div>\n\t\t<div class=\"elementor-element elementor-element-53fad5c e-flex e-con-boxed e-con e-parent\" data-id=\"53fad5c\" data-element_type=\"container\">\n\t\t\t\t\t<div class=\"e-con-inner\">\n\t\t\t\t<div class=\"elementor-element elementor-element-fb47fdd elementor-blockquote--skin-quotation elementor-widget elementor-widget-blockquote\" data-id=\"fb47fdd\" data-element_type=\"widget\" data-widget_type=\"blockquote.default\">\n\t\t\t\t<div class=\"elementor-widget-container\">\n\t\t\t\t\t\t\t<blockquote class=\"elementor-blockquote\">\n\t\t\t<p class=\"elementor-blockquote__content\">\n\t\t\t\tWe are committed to offering you a selection of authentic antiques, carefully chosen for their craftsmanship and uniqueness. Each piece tells a story and embodies a timeless heritage. With dedicated customer service and a shopping experience you can trust, we make your satisfaction our top priority.<br><br><br>\t\t\t<\/p>\n\t\t\t\t\t<\/blockquote>\n\t\t\t\t\t\t<\/div>\n\t\t\t\t<\/div>\n\t\t\t\t\t<\/div>\n\t\t\t\t<\/div>\n\t\t\t\t<\/div>\n\t\t","protected":false},"excerpt":{"rendered":"<p>Passionate antique expertsfrom father to son, since 1971 Our philosophy Excellence &amp; Authenticity Each antique is selected for its beauty, originality and authenticity, then expertly restored in our cabinetmaking and restoration workshops. Our greatest satisfaction comes from sharing our passion with our customers and building lasting relationships based on trust and a love of beautiful [&hellip;]<\/p>\n","protected":false},"author":96,"featured_media":0,"parent":0,"menu_order":0,"comment_status":"closed","ping_status":"closed","template":"","meta":{"footnotes":""},"class_list":["post-149236","page","type-page","status-publish","hentry"],"yoast_head":"<!-- This site is optimized with the Yoast SEO plugin v26.6 - https:\/\/yoast.com\/wordpress\/plugins\/seo\/ -->\n<title>About us - Antiquit\u00e9s Lecomte<\/title>\n<meta name=\"robots\" content=\"index, follow, max-snippet:-1, max-image-preview:large, max-video-preview:-1\" \/>\n<link rel=\"canonical\" href=\"https:\/\/www.antiquites-lecomte.com\/en\/about-us\/\" \/>\n<meta property=\"og:locale\" content=\"en_US\" \/>\n<meta property=\"og:type\" content=\"article\" \/>\n<meta property=\"og:title\" content=\"About us - Antiquit\u00e9s Lecomte\" \/>\n<meta property=\"og:description\" content=\"Passionate antique expertsfrom father to son, since 1971 Our philosophy Excellence &amp; Authenticity Each antique is selected for its beauty, originality and authenticity, then expertly restored in our cabinetmaking and restoration workshops. Our greatest satisfaction comes from sharing our passion with our customers and building lasting relationships based on trust and a love of beautiful [&hellip;]\" \/>\n<meta property=\"og:url\" content=\"https:\/\/www.antiquites-lecomte.com\/en\/about-us\/\" \/>\n<meta property=\"og:site_name\" content=\"Antiquit\u00e9s Lecomte\" \/>\n<meta property=\"article:publisher\" content=\"https:\/\/www.facebook.com\/AntiquitesLecomte\/\" \/>\n<meta property=\"article:modified_time\" content=\"2025-12-24T10:46:32+00:00\" \/>\n<meta name=\"twitter:card\" content=\"summary_large_image\" \/>\n<meta name=\"twitter:label1\" content=\"Est. reading time\" \/>\n\t<meta name=\"twitter:data1\" content=\"1 minute\" \/>\n<script type=\"application\/ld+json\" class=\"yoast-schema-graph\">{\"@context\":\"https:\/\/schema.org\",\"@graph\":[{\"@type\":\"WebPage\",\"@id\":\"https:\/\/www.antiquites-lecomte.com\/en\/about-us\/\",\"url\":\"https:\/\/www.antiquites-lecomte.com\/en\/about-us\/\",\"name\":\"About us - Antiquit\u00e9s Lecomte\",\"isPartOf\":{\"@id\":\"https:\/\/www.antiquites-lecomte.com\/en\/#website\"},\"datePublished\":\"2025-05-12T07:39:30+00:00\",\"dateModified\":\"2025-12-24T10:46:32+00:00\",\"breadcrumb\":{\"@id\":\"https:\/\/www.antiquites-lecomte.com\/en\/about-us\/#breadcrumb\"},\"inLanguage\":\"en-US\",\"potentialAction\":[{\"@type\":\"ReadAction\",\"target\":[\"https:\/\/www.antiquites-lecomte.com\/en\/about-us\/\"]}]},{\"@type\":\"BreadcrumbList\",\"@id\":\"https:\/\/www.antiquites-lecomte.com\/en\/about-us\/#breadcrumb\",\"itemListElement\":[{\"@type\":\"ListItem\",\"position\":1,\"name\":\"Accueil\",\"item\":\"https:\/\/www.antiquites-lecomte.com\/en\/\"},{\"@type\":\"ListItem\",\"position\":2,\"name\":\"About us\"}]},{\"@type\":\"WebSite\",\"@id\":\"https:\/\/www.antiquites-lecomte.com\/en\/#website\",\"url\":\"https:\/\/www.antiquites-lecomte.com\/en\/\",\"name\":\"Antiquit\u00e9s Lecomte\",\"description\":\"L&#039;\u00c9l\u00e9gance d&#039;Hier, le Style d&#039;Aujourd&#039;hui\",\"publisher\":{\"@id\":\"https:\/\/www.antiquites-lecomte.com\/en\/#organization\"},\"potentialAction\":[{\"@type\":\"SearchAction\",\"target\":{\"@type\":\"EntryPoint\",\"urlTemplate\":\"https:\/\/www.antiquites-lecomte.com\/en\/?s={search_term_string}\"},\"query-input\":{\"@type\":\"PropertyValueSpecification\",\"valueRequired\":true,\"valueName\":\"search_term_string\"}}],\"inLanguage\":\"en-US\"},{\"@type\":\"Organization\",\"@id\":\"https:\/\/www.antiquites-lecomte.com\/en\/#organization\",\"name\":\"Antiquit\u00e9s Lecomte\",\"url\":\"https:\/\/www.antiquites-lecomte.com\/en\/\",\"logo\":{\"@type\":\"ImageObject\",\"inLanguage\":\"en-US\",\"@id\":\"https:\/\/www.antiquites-lecomte.com\/en\/#\/schema\/logo\/image\/\",\"url\":\"https:\/\/www.antiquites-lecomte.com\/wp-content\/uploads\/2024\/02\/Logo-Antiquites-Lecomte-Rond-2021.png\",\"contentUrl\":\"https:\/\/www.antiquites-lecomte.com\/wp-content\/uploads\/2024\/02\/Logo-Antiquites-Lecomte-Rond-2021.png\",\"width\":500,\"height\":500,\"caption\":\"Antiquit\u00e9s Lecomte\"},\"image\":{\"@id\":\"https:\/\/www.antiquites-lecomte.com\/en\/#\/schema\/logo\/image\/\"},\"sameAs\":[\"https:\/\/www.facebook.com\/AntiquitesLecomte\/\",\"https:\/\/fr.pinterest.com\/antiquitelecomte\"]}]}<\/script>\n<!-- \/ Yoast SEO plugin. -->","yoast_head_json":{"title":"About us - Antiquit\u00e9s Lecomte","robots":{"index":"index","follow":"follow","max-snippet":"max-snippet:-1","max-image-preview":"max-image-preview:large","max-video-preview":"max-video-preview:-1"},"canonical":"https:\/\/www.antiquites-lecomte.com\/en\/about-us\/","og_locale":"en_US","og_type":"article","og_title":"About us - Antiquit\u00e9s Lecomte","og_description":"Passionate antique expertsfrom father to son, since 1971 Our philosophy Excellence &amp; Authenticity Each antique is selected for its beauty, originality and authenticity, then expertly restored in our cabinetmaking and restoration workshops. Our greatest satisfaction comes from sharing our passion with our customers and building lasting relationships based on trust and a love of beautiful [&hellip;]","og_url":"https:\/\/www.antiquites-lecomte.com\/en\/about-us\/","og_site_name":"Antiquit\u00e9s Lecomte","article_publisher":"https:\/\/www.facebook.com\/AntiquitesLecomte\/","article_modified_time":"2025-12-24T10:46:32+00:00","twitter_card":"summary_large_image","twitter_misc":{"Est. reading time":"1 minute"},"schema":{"@context":"https:\/\/schema.org","@graph":[{"@type":"WebPage","@id":"https:\/\/www.antiquites-lecomte.com\/en\/about-us\/","url":"https:\/\/www.antiquites-lecomte.com\/en\/about-us\/","name":"About us - Antiquit\u00e9s Lecomte","isPartOf":{"@id":"https:\/\/www.antiquites-lecomte.com\/en\/#website"},"datePublished":"2025-05-12T07:39:30+00:00","dateModified":"2025-12-24T10:46:32+00:00","breadcrumb":{"@id":"https:\/\/www.antiquites-lecomte.com\/en\/about-us\/#breadcrumb"},"inLanguage":"en-US","potentialAction":[{"@type":"ReadAction","target":["https:\/\/www.antiquites-lecomte.com\/en\/about-us\/"]}]},{"@type":"BreadcrumbList","@id":"https:\/\/www.antiquites-lecomte.com\/en\/about-us\/#breadcrumb","itemListElement":[{"@type":"ListItem","position":1,"name":"Accueil","item":"https:\/\/www.antiquites-lecomte.com\/en\/"},{"@type":"ListItem","position":2,"name":"About us"}]},{"@type":"WebSite","@id":"https:\/\/www.antiquites-lecomte.com\/en\/#website","url":"https:\/\/www.antiquites-lecomte.com\/en\/","name":"Antiquit\u00e9s Lecomte","description":"L&#039;\u00c9l\u00e9gance d&#039;Hier, le Style d&#039;Aujourd&#039;hui","publisher":{"@id":"https:\/\/www.antiquites-lecomte.com\/en\/#organization"},"potentialAction":[{"@type":"SearchAction","target":{"@type":"EntryPoint","urlTemplate":"https:\/\/www.antiquites-lecomte.com\/en\/?s={search_term_string}"},"query-input":{"@type":"PropertyValueSpecification","valueRequired":true,"valueName":"search_term_string"}}],"inLanguage":"en-US"},{"@type":"Organization","@id":"https:\/\/www.antiquites-lecomte.com\/en\/#organization","name":"Antiquit\u00e9s Lecomte","url":"https:\/\/www.antiquites-lecomte.com\/en\/","logo":{"@type":"ImageObject","inLanguage":"en-US","@id":"https:\/\/www.antiquites-lecomte.com\/en\/#\/schema\/logo\/image\/","url":"https:\/\/www.antiquites-lecomte.com\/wp-content\/uploads\/2024\/02\/Logo-Antiquites-Lecomte-Rond-2021.png","contentUrl":"https:\/\/www.antiquites-lecomte.com\/wp-content\/uploads\/2024\/02\/Logo-Antiquites-Lecomte-Rond-2021.png","width":500,"height":500,"caption":"Antiquit\u00e9s Lecomte"},"image":{"@id":"https:\/\/www.antiquites-lecomte.com\/en\/#\/schema\/logo\/image\/"},"sameAs":["https:\/\/www.facebook.com\/AntiquitesLecomte\/","https:\/\/fr.pinterest.com\/antiquitelecomte"]}]}},"_links":{"self":[{"href":"https:\/\/www.antiquites-lecomte.com\/en\/wp-json\/wp\/v2\/pages\/149236","targetHints":{"allow":["GET"]}}],"collection":[{"href":"https:\/\/www.antiquites-lecomte.com\/en\/wp-json\/wp\/v2\/pages"}],"about":[{"href":"https:\/\/www.antiquites-lecomte.com\/en\/wp-json\/wp\/v2\/types\/page"}],"author":[{"embeddable":true,"href":"https:\/\/www.antiquites-lecomte.com\/en\/wp-json\/wp\/v2\/users\/96"}],"replies":[{"embeddable":true,"href":"https:\/\/www.antiquites-lecomte.com\/en\/wp-json\/wp\/v2\/comments?post=149236"}],"version-history":[{"count":1,"href":"https:\/\/www.antiquites-lecomte.com\/en\/wp-json\/wp\/v2\/pages\/149236\/revisions"}],"predecessor-version":[{"id":149258,"href":"https:\/\/www.antiquites-lecomte.com\/en\/wp-json\/wp\/v2\/pages\/149236\/revisions\/149258"}],"wp:attachment":[{"href":"https:\/\/www.antiquites-lecomte.com\/en\/wp-json\/wp\/v2\/media?parent=149236"}],"curies":[{"name":"wp","href":"https:\/\/api.w.org\/{rel}","templated":true}]}}