{"id":149224,"date":"2022-06-21T12:31:15","date_gmt":"2022-06-21T10:31:15","guid":{"rendered":"https:\/\/www.antiquites-lecomte.com\/delivery\/"},"modified":"2025-12-24T11:47:35","modified_gmt":"2025-12-24T10:47:35","slug":"delivery","status":"publish","type":"page","link":"https:\/\/www.antiquites-lecomte.com\/en\/delivery\/","title":{"rendered":"Delivery"},"content":{"rendered":"\t\t<div data-elementor-type=\"wp-page\" data-elementor-id=\"149224\" class=\"elementor elementor-149224 elementor-63361\" data-elementor-post-type=\"page\">\n\t\t\t\t<div class=\"elementor-element elementor-element-7a2bb40 e-flex e-con-boxed e-con e-parent\" data-id=\"7a2bb40\" data-element_type=\"container\">\n\t\t\t\t\t<div class=\"e-con-inner\">\n\t\t\t\t<div class=\"elementor-element elementor-element-2a6eff2 elementor-widget elementor-widget-woocommerce-breadcrumb\" data-id=\"2a6eff2\" data-element_type=\"widget\" data-widget_type=\"woocommerce-breadcrumb.default\">\n\t\t\t\t<div class=\"elementor-widget-container\">\n\t\t\t\t\t<nav class=\"woocommerce-breadcrumb\" aria-label=\"Breadcrumb\">Home<\/nav>\t\t\t\t<\/div>\n\t\t\t\t<\/div>\n\t\t\t\t\t<\/div>\n\t\t\t\t<\/div>\n\t\t<div class=\"elementor-element elementor-element-7a1f220 e-flex e-con-boxed e-con e-parent\" data-id=\"7a1f220\" data-element_type=\"container\">\n\t\t\t\t\t<div class=\"e-con-inner\">\n\t\t\t\t<div class=\"elementor-element elementor-element-162a30c title-bars elementor-widget elementor-widget-heading\" data-id=\"162a30c\" data-element_type=\"widget\" data-widget_type=\"heading.default\">\n\t\t\t\t<div class=\"elementor-widget-container\">\n\t\t\t\t\t<h3 class=\"elementor-heading-title elementor-size-default\">How does delivery work?<\/h3>\t\t\t\t<\/div>\n\t\t\t\t<\/div>\n\t\t\t\t<div class=\"elementor-element elementor-element-0dc329c elementor-widget elementor-widget-text-editor\" data-id=\"0dc329c\" data-element_type=\"widget\" data-widget_type=\"text-editor.default\">\n\t\t\t\t<div class=\"elementor-widget-container\">\n\t\t\t\t\t\t\t\t\t<p> <\/p><p>We offer delivery of our furniture throughout France and Europe, including, if required, installation and reassembly at your home. International deliveries can also be scheduled. We can provide you with a quotation on request, excluding customs duties for the countries concerned.<\/p><p>To ensure that our antiques reach their final destination safely, we pay particular attention to their packaging, so that they travel in optimal protective conditions. Our items are packed in blankets, cardboard, bubble wrap or, if required, in a custom-made wooden crate.<\/p><p> <\/p>\t\t\t\t\t\t\t\t<\/div>\n\t\t\t\t<\/div>\n\t\t\t\t\t<\/div>\n\t\t\t\t<\/div>\n\t\t<div class=\"elementor-element elementor-element-2491037 e-grid e-con-boxed e-con e-parent\" data-id=\"2491037\" data-element_type=\"container\">\n\t\t\t\t\t<div class=\"e-con-inner\">\n\t\t\t\t<div class=\"elementor-element elementor-element-4bdc94e elementor-widget elementor-widget-image\" data-id=\"4bdc94e\" data-element_type=\"widget\" data-widget_type=\"image.default\">\n\t\t\t\t<div class=\"elementor-widget-container\">\n\t\t\t\t\t\t\t\t\t\t\t\t\t\t\t<img fetchpriority=\"high\" decoding=\"async\" width=\"600\" height=\"600\" src=\"https:\/\/www.antiquites-lecomte.com\/wp-content\/uploads\/2022\/06\/Conditionnement1.jpg\" class=\"attachment-large size-large wp-image-149249\" alt=\"\" srcset=\"https:\/\/www.antiquites-lecomte.com\/wp-content\/uploads\/2022\/06\/Conditionnement1.jpg 600w, https:\/\/www.antiquites-lecomte.com\/wp-content\/uploads\/2022\/06\/Conditionnement1-100x100.jpg 100w, https:\/\/www.antiquites-lecomte.com\/wp-content\/uploads\/2022\/06\/Conditionnement1-450x450.jpg 450w, https:\/\/www.antiquites-lecomte.com\/wp-content\/uploads\/2022\/06\/Conditionnement1-400x400.jpg 400w, https:\/\/www.antiquites-lecomte.com\/wp-content\/uploads\/2022\/06\/Conditionnement1-150x150.jpg 150w, https:\/\/www.antiquites-lecomte.com\/wp-content\/uploads\/2022\/06\/Conditionnement1-480x480.jpg 480w\" sizes=\"(max-width: 600px) 100vw, 600px\" \/>\t\t\t\t\t\t\t\t\t\t\t\t\t\t\t<\/div>\n\t\t\t\t<\/div>\n\t\t\t\t<div class=\"elementor-element elementor-element-569a05e elementor-widget elementor-widget-image\" data-id=\"569a05e\" data-element_type=\"widget\" data-widget_type=\"image.default\">\n\t\t\t\t<div class=\"elementor-widget-container\">\n\t\t\t\t\t\t\t\t\t\t\t\t\t\t\t<img decoding=\"async\" width=\"600\" height=\"600\" src=\"https:\/\/www.antiquites-lecomte.com\/wp-content\/uploads\/2022\/06\/Conditionnement3.jpg\" class=\"attachment-large size-large wp-image-149250\" alt=\"\" srcset=\"https:\/\/www.antiquites-lecomte.com\/wp-content\/uploads\/2022\/06\/Conditionnement3.jpg 600w, https:\/\/www.antiquites-lecomte.com\/wp-content\/uploads\/2022\/06\/Conditionnement3-100x100.jpg 100w, https:\/\/www.antiquites-lecomte.com\/wp-content\/uploads\/2022\/06\/Conditionnement3-450x450.jpg 450w, https:\/\/www.antiquites-lecomte.com\/wp-content\/uploads\/2022\/06\/Conditionnement3-400x400.jpg 400w, https:\/\/www.antiquites-lecomte.com\/wp-content\/uploads\/2022\/06\/Conditionnement3-150x150.jpg 150w, https:\/\/www.antiquites-lecomte.com\/wp-content\/uploads\/2022\/06\/Conditionnement3-480x480.jpg 480w\" sizes=\"(max-width: 600px) 100vw, 600px\" \/>\t\t\t\t\t\t\t\t\t\t\t\t\t\t\t<\/div>\n\t\t\t\t<\/div>\n\t\t\t\t<div class=\"elementor-element elementor-element-cec61d7 elementor-widget elementor-widget-image\" data-id=\"cec61d7\" data-element_type=\"widget\" data-widget_type=\"image.default\">\n\t\t\t\t<div class=\"elementor-widget-container\">\n\t\t\t\t\t\t\t\t\t\t\t\t\t\t\t<img decoding=\"async\" width=\"655\" height=\"655\" src=\"https:\/\/www.antiquites-lecomte.com\/wp-content\/uploads\/2025\/05\/DSC_5858.jpg\" class=\"attachment-large size-large wp-image-149238\" alt=\"\" srcset=\"https:\/\/www.antiquites-lecomte.com\/wp-content\/uploads\/2025\/05\/DSC_5858.jpg 655w, https:\/\/www.antiquites-lecomte.com\/wp-content\/uploads\/2025\/05\/DSC_5858-150x150.jpg 150w, https:\/\/www.antiquites-lecomte.com\/wp-content\/uploads\/2025\/05\/DSC_5858-100x100.jpg 100w\" sizes=\"(max-width: 655px) 100vw, 655px\" \/>\t\t\t\t\t\t\t\t\t\t\t\t\t\t\t<\/div>\n\t\t\t\t<\/div>\n\t\t\t\t\t<\/div>\n\t\t\t\t<\/div>\n\t\t<div class=\"elementor-element elementor-element-030d6cd e-flex e-con-boxed e-con e-parent\" data-id=\"030d6cd\" data-element_type=\"container\">\n\t\t\t\t\t<div class=\"e-con-inner\">\n\t\t<div class=\"elementor-element elementor-element-9072a88 e-con-full e-flex e-con e-child\" data-id=\"9072a88\" data-element_type=\"container\">\n\t\t\t\t<div class=\"elementor-element elementor-element-1fe1c70 title-bars elementor-widget elementor-widget-heading\" data-id=\"1fe1c70\" data-element_type=\"widget\" data-widget_type=\"heading.default\">\n\t\t\t\t<div class=\"elementor-widget-container\">\n\t\t\t\t\t<h3 class=\"elementor-heading-title elementor-size-default\">Transportation<\/h3>\t\t\t\t<\/div>\n\t\t\t\t<\/div>\n\t\t\t\t<div class=\"elementor-element elementor-element-2c7c6c3 elementor-widget elementor-widget-text-editor\" data-id=\"2c7c6c3\" data-element_type=\"widget\" data-widget_type=\"text-editor.default\">\n\t\t\t\t<div class=\"elementor-widget-container\">\n\t\t\t\t\t\t\t\t\t<p> <\/p><p>When deliveries are not made in-house by our own teams, we take care to work with competent and careful carriers. In particular, they will take care to secure your purchase in their vehicle, so that it encounters no problems on delivery. Our partners are mainly small teams of transporters specialized in transporting furniture or objets d&#8217;art, who provide &#8220;White Glove&#8221; services.<\/p><p>You also have the option of picking up your order at our Gallery, after making an appointment with us to ensure that your goods are available for your visit.<\/p>\t\t\t\t\t\t\t\t<\/div>\n\t\t\t\t<\/div>\n\t\t\t\t<\/div>\n\t\t\t\t\t<\/div>\n\t\t\t\t<\/div>\n\t\t<div class=\"elementor-element elementor-element-5e536049 e-grid e-con-boxed e-con e-parent\" data-id=\"5e536049\" data-element_type=\"container\">\n\t\t\t\t\t<div class=\"e-con-inner\">\n\t\t\t\t<div class=\"elementor-element elementor-element-67527b1a elementor-widget elementor-widget-image\" data-id=\"67527b1a\" data-element_type=\"widget\" data-widget_type=\"image.default\">\n\t\t\t\t<div class=\"elementor-widget-container\">\n\t\t\t\t\t\t\t\t\t\t\t\t\t\t\t<img loading=\"lazy\" decoding=\"async\" width=\"700\" height=\"410\" src=\"https:\/\/www.antiquites-lecomte.com\/wp-content\/uploads\/2022\/06\/livraison1.jpg\" class=\"attachment-large size-large wp-image-149251\" alt=\"\" srcset=\"https:\/\/www.antiquites-lecomte.com\/wp-content\/uploads\/2022\/06\/livraison1.jpg 700w, https:\/\/www.antiquites-lecomte.com\/wp-content\/uploads\/2022\/06\/livraison1-450x264.jpg 450w, https:\/\/www.antiquites-lecomte.com\/wp-content\/uploads\/2022\/06\/livraison1-480x281.jpg 480w\" sizes=\"(max-width: 700px) 100vw, 700px\" \/>\t\t\t\t\t\t\t\t\t\t\t\t\t\t\t<\/div>\n\t\t\t\t<\/div>\n\t\t\t\t<div class=\"elementor-element elementor-element-2e5843c3 elementor-widget elementor-widget-image\" data-id=\"2e5843c3\" data-element_type=\"widget\" data-widget_type=\"image.default\">\n\t\t\t\t<div class=\"elementor-widget-container\">\n\t\t\t\t\t\t\t\t\t\t\t\t\t\t\t<img loading=\"lazy\" decoding=\"async\" width=\"700\" height=\"410\" src=\"https:\/\/www.antiquites-lecomte.com\/wp-content\/uploads\/2022\/06\/livraison2.jpg\" class=\"attachment-large size-large wp-image-149252\" alt=\"\" srcset=\"https:\/\/www.antiquites-lecomte.com\/wp-content\/uploads\/2022\/06\/livraison2.jpg 700w, https:\/\/www.antiquites-lecomte.com\/wp-content\/uploads\/2022\/06\/livraison2-450x264.jpg 450w, https:\/\/www.antiquites-lecomte.com\/wp-content\/uploads\/2022\/06\/livraison2-480x281.jpg 480w\" sizes=\"(max-width: 700px) 100vw, 700px\" \/>\t\t\t\t\t\t\t\t\t\t\t\t\t\t\t<\/div>\n\t\t\t\t<\/div>\n\t\t\t\t<div class=\"elementor-element elementor-element-497b08e4 elementor-widget elementor-widget-image\" data-id=\"497b08e4\" data-element_type=\"widget\" data-widget_type=\"image.default\">\n\t\t\t\t<div class=\"elementor-widget-container\">\n\t\t\t\t\t\t\t\t\t\t\t\t\t\t\t<img loading=\"lazy\" decoding=\"async\" width=\"700\" height=\"410\" src=\"https:\/\/www.antiquites-lecomte.com\/wp-content\/uploads\/2025\/05\/livraison3.jpg\" class=\"attachment-large size-large wp-image-149239\" alt=\"\" \/>\t\t\t\t\t\t\t\t\t\t\t\t\t\t\t<\/div>\n\t\t\t\t<\/div>\n\t\t\t\t\t<\/div>\n\t\t\t\t<\/div>\n\t\t<div class=\"elementor-element elementor-element-6077bbf e-flex e-con-boxed e-con e-parent\" data-id=\"6077bbf\" data-element_type=\"container\">\n\t\t\t\t\t<div class=\"e-con-inner\">\n\t\t<div class=\"elementor-element elementor-element-0ef7628 e-con-full e-flex e-con e-child\" data-id=\"0ef7628\" data-element_type=\"container\">\n\t\t\t\t<div class=\"elementor-element elementor-element-dc85af6 title-bars elementor-widget elementor-widget-heading\" data-id=\"dc85af6\" data-element_type=\"widget\" data-widget_type=\"heading.default\">\n\t\t\t\t<div class=\"elementor-widget-container\">\n\t\t\t\t\t<h3 class=\"elementor-heading-title elementor-size-default\">Your furniture delivered to your door<\/h3>\t\t\t\t<\/div>\n\t\t\t\t<\/div>\n\t\t\t\t<div class=\"elementor-element elementor-element-6ff5037 elementor-widget elementor-widget-text-editor\" data-id=\"6ff5037\" data-element_type=\"widget\" data-widget_type=\"text-editor.default\">\n\t\t\t\t<div class=\"elementor-widget-container\">\n\t\t\t\t\t\t\t\t\t<p> <\/p><p>Once you&#8217;ve installed your furniture, enjoy an interior that&#8217;s just like you!<br>Don&#8217;t hesitate to send us photos of your acquisition in its new environment.<\/p>\t\t\t\t\t\t\t\t<\/div>\n\t\t\t\t<\/div>\n\t\t\t\t<\/div>\n\t\t\t\t\t<\/div>\n\t\t\t\t<\/div>\n\t\t<div class=\"elementor-element elementor-element-c758a23 e-grid e-con-boxed e-con e-parent\" data-id=\"c758a23\" data-element_type=\"container\">\n\t\t\t\t\t<div class=\"e-con-inner\">\n\t\t\t\t<div class=\"elementor-element elementor-element-65914e2 elementor-widget elementor-widget-image\" data-id=\"65914e2\" data-element_type=\"widget\" data-widget_type=\"image.default\">\n\t\t\t\t<div class=\"elementor-widget-container\">\n\t\t\t\t\t\t\t\t\t\t\t\t\t\t\t<img decoding=\"async\" src=\"https:\/\/www.antiquites-lecomte.com\/wp-content\/uploads\/elementor\/thumbs\/De-Rocquancourt-Jane-Fauteuil-Points-de-x-OK-r78oag949hky5l00xgktzsz09pqvwfz8uv5fuguf00.jpg\" title=\"De Rocquancourt Jane &#8211; Point de x Armchair &#8211; OK\" alt=\"De Rocquancourt Jane - Point de x Armchair - OK\" loading=\"lazy\" \/>\t\t\t\t\t\t\t\t\t\t\t\t\t\t\t<\/div>\n\t\t\t\t<\/div>\n\t\t\t\t<div class=\"elementor-element elementor-element-66d3a58 elementor-widget elementor-widget-image\" data-id=\"66d3a58\" data-element_type=\"widget\" data-widget_type=\"image.default\">\n\t\t\t\t<div class=\"elementor-widget-container\">\n\t\t\t\t\t\t\t\t\t\t\t\t\t\t\t<img decoding=\"async\" src=\"https:\/\/www.antiquites-lecomte.com\/wp-content\/uploads\/elementor\/thumbs\/Naomi-1-r78oa9o8xnbxwb9kzvqg0cms40nbek94hyl1hj467k.jpeg\" title=\"Naomi (1)\" alt=\"Naomi (1)\" loading=\"lazy\" \/>\t\t\t\t\t\t\t\t\t\t\t\t\t\t\t<\/div>\n\t\t\t\t<\/div>\n\t\t\t\t<div class=\"elementor-element elementor-element-b63fa96 elementor-widget elementor-widget-image\" data-id=\"b63fa96\" data-element_type=\"widget\" data-widget_type=\"image.default\">\n\t\t\t\t<div class=\"elementor-widget-container\">\n\t\t\t\t\t\t\t\t\t\t\t\t\t\t\t<img decoding=\"async\" src=\"https:\/\/www.antiquites-lecomte.com\/wp-content\/uploads\/elementor\/thumbs\/Zucconi-OK-r78oa25jez1nbfki7shfgej3cxodozf9sxd5nbfblc.jpg\" title=\"Zucconi &#8211; OK\" alt=\"Zucconi - OK\" loading=\"lazy\" \/>\t\t\t\t\t\t\t\t\t\t\t\t\t\t\t<\/div>\n\t\t\t\t<\/div>\n\t\t\t\t\t<\/div>\n\t\t\t\t<\/div>\n\t\t\t\t<\/div>\n\t\t","protected":false},"excerpt":{"rendered":"<p>How does delivery work? We offer delivery of our furniture throughout France and Europe, including, if required, installation and reassembly at your home. International deliveries can also be scheduled. We can provide you with a quotation on request, excluding customs duties for the countries concerned. To ensure that our antiques reach their final destination safely, [&hellip;]<\/p>\n","protected":false},"author":2,"featured_media":0,"parent":0,"menu_order":0,"comment_status":"closed","ping_status":"closed","template":"","meta":{"footnotes":""},"class_list":["post-149224","page","type-page","status-publish","hentry"],"yoast_head":"<!-- This site is optimized with the Yoast SEO plugin v26.6 - https:\/\/yoast.com\/wordpress\/plugins\/seo\/ -->\n<title>Delivery - Antiquit\u00e9s Lecomte<\/title>\n<meta name=\"robots\" content=\"index, follow, max-snippet:-1, max-image-preview:large, max-video-preview:-1\" \/>\n<link rel=\"canonical\" href=\"https:\/\/www.antiquites-lecomte.com\/en\/delivery\/\" \/>\n<meta property=\"og:locale\" content=\"en_US\" \/>\n<meta property=\"og:type\" content=\"article\" \/>\n<meta property=\"og:title\" content=\"Delivery - Antiquit\u00e9s Lecomte\" \/>\n<meta property=\"og:description\" content=\"How does delivery work? We offer delivery of our furniture throughout France and Europe, including, if required, installation and reassembly at your home. International deliveries can also be scheduled. We can provide you with a quotation on request, excluding customs duties for the countries concerned. To ensure that our antiques reach their final destination safely, [&hellip;]\" \/>\n<meta property=\"og:url\" content=\"https:\/\/www.antiquites-lecomte.com\/en\/delivery\/\" \/>\n<meta property=\"og:site_name\" content=\"Antiquit\u00e9s Lecomte\" \/>\n<meta property=\"article:publisher\" content=\"https:\/\/www.facebook.com\/AntiquitesLecomte\/\" \/>\n<meta property=\"article:modified_time\" content=\"2025-12-24T10:47:35+00:00\" \/>\n<meta property=\"og:image\" content=\"https:\/\/www.antiquites-lecomte.com\/wp-content\/uploads\/2022\/06\/Conditionnement1.jpg\" \/>\n\t<meta property=\"og:image:width\" content=\"600\" \/>\n\t<meta property=\"og:image:height\" content=\"600\" \/>\n\t<meta property=\"og:image:type\" content=\"image\/jpeg\" \/>\n<meta name=\"twitter:card\" content=\"summary_large_image\" \/>\n<meta name=\"twitter:label1\" content=\"Est. reading time\" \/>\n\t<meta name=\"twitter:data1\" content=\"1 minute\" \/>\n<script type=\"application\/ld+json\" class=\"yoast-schema-graph\">{\"@context\":\"https:\/\/schema.org\",\"@graph\":[{\"@type\":\"WebPage\",\"@id\":\"https:\/\/www.antiquites-lecomte.com\/en\/delivery\/\",\"url\":\"https:\/\/www.antiquites-lecomte.com\/en\/delivery\/\",\"name\":\"Delivery - Antiquit\u00e9s Lecomte\",\"isPartOf\":{\"@id\":\"https:\/\/www.antiquites-lecomte.com\/en\/#website\"},\"primaryImageOfPage\":{\"@id\":\"https:\/\/www.antiquites-lecomte.com\/en\/delivery\/#primaryimage\"},\"image\":{\"@id\":\"https:\/\/www.antiquites-lecomte.com\/en\/delivery\/#primaryimage\"},\"thumbnailUrl\":\"https:\/\/www.antiquites-lecomte.com\/wp-content\/uploads\/2022\/06\/Conditionnement1.jpg\",\"datePublished\":\"2022-06-21T10:31:15+00:00\",\"dateModified\":\"2025-12-24T10:47:35+00:00\",\"breadcrumb\":{\"@id\":\"https:\/\/www.antiquites-lecomte.com\/en\/delivery\/#breadcrumb\"},\"inLanguage\":\"en-US\",\"potentialAction\":[{\"@type\":\"ReadAction\",\"target\":[\"https:\/\/www.antiquites-lecomte.com\/en\/delivery\/\"]}]},{\"@type\":\"ImageObject\",\"inLanguage\":\"en-US\",\"@id\":\"https:\/\/www.antiquites-lecomte.com\/en\/delivery\/#primaryimage\",\"url\":\"https:\/\/www.antiquites-lecomte.com\/wp-content\/uploads\/2022\/06\/Conditionnement1.jpg\",\"contentUrl\":\"https:\/\/www.antiquites-lecomte.com\/wp-content\/uploads\/2022\/06\/Conditionnement1.jpg\"},{\"@type\":\"BreadcrumbList\",\"@id\":\"https:\/\/www.antiquites-lecomte.com\/en\/delivery\/#breadcrumb\",\"itemListElement\":[{\"@type\":\"ListItem\",\"position\":1,\"name\":\"Accueil\",\"item\":\"https:\/\/www.antiquites-lecomte.com\/en\/\"},{\"@type\":\"ListItem\",\"position\":2,\"name\":\"Delivery\"}]},{\"@type\":\"WebSite\",\"@id\":\"https:\/\/www.antiquites-lecomte.com\/en\/#website\",\"url\":\"https:\/\/www.antiquites-lecomte.com\/en\/\",\"name\":\"Antiquit\u00e9s Lecomte\",\"description\":\"L&#039;\u00c9l\u00e9gance d&#039;Hier, le Style d&#039;Aujourd&#039;hui\",\"publisher\":{\"@id\":\"https:\/\/www.antiquites-lecomte.com\/en\/#organization\"},\"potentialAction\":[{\"@type\":\"SearchAction\",\"target\":{\"@type\":\"EntryPoint\",\"urlTemplate\":\"https:\/\/www.antiquites-lecomte.com\/en\/?s={search_term_string}\"},\"query-input\":{\"@type\":\"PropertyValueSpecification\",\"valueRequired\":true,\"valueName\":\"search_term_string\"}}],\"inLanguage\":\"en-US\"},{\"@type\":\"Organization\",\"@id\":\"https:\/\/www.antiquites-lecomte.com\/en\/#organization\",\"name\":\"Antiquit\u00e9s Lecomte\",\"url\":\"https:\/\/www.antiquites-lecomte.com\/en\/\",\"logo\":{\"@type\":\"ImageObject\",\"inLanguage\":\"en-US\",\"@id\":\"https:\/\/www.antiquites-lecomte.com\/en\/#\/schema\/logo\/image\/\",\"url\":\"https:\/\/www.antiquites-lecomte.com\/wp-content\/uploads\/2024\/02\/Logo-Antiquites-Lecomte-Rond-2021.png\",\"contentUrl\":\"https:\/\/www.antiquites-lecomte.com\/wp-content\/uploads\/2024\/02\/Logo-Antiquites-Lecomte-Rond-2021.png\",\"width\":500,\"height\":500,\"caption\":\"Antiquit\u00e9s Lecomte\"},\"image\":{\"@id\":\"https:\/\/www.antiquites-lecomte.com\/en\/#\/schema\/logo\/image\/\"},\"sameAs\":[\"https:\/\/www.facebook.com\/AntiquitesLecomte\/\",\"https:\/\/fr.pinterest.com\/antiquitelecomte\"]}]}<\/script>\n<!-- \/ Yoast SEO plugin. -->","yoast_head_json":{"title":"Delivery - Antiquit\u00e9s Lecomte","robots":{"index":"index","follow":"follow","max-snippet":"max-snippet:-1","max-image-preview":"max-image-preview:large","max-video-preview":"max-video-preview:-1"},"canonical":"https:\/\/www.antiquites-lecomte.com\/en\/delivery\/","og_locale":"en_US","og_type":"article","og_title":"Delivery - Antiquit\u00e9s Lecomte","og_description":"How does delivery work? We offer delivery of our furniture throughout France and Europe, including, if required, installation and reassembly at your home. International deliveries can also be scheduled. We can provide you with a quotation on request, excluding customs duties for the countries concerned. To ensure that our antiques reach their final destination safely, [&hellip;]","og_url":"https:\/\/www.antiquites-lecomte.com\/en\/delivery\/","og_site_name":"Antiquit\u00e9s Lecomte","article_publisher":"https:\/\/www.facebook.com\/AntiquitesLecomte\/","article_modified_time":"2025-12-24T10:47:35+00:00","og_image":[{"width":600,"height":600,"url":"https:\/\/www.antiquites-lecomte.com\/wp-content\/uploads\/2022\/06\/Conditionnement1.jpg","type":"image\/jpeg"}],"twitter_card":"summary_large_image","twitter_misc":{"Est. reading time":"1 minute"},"schema":{"@context":"https:\/\/schema.org","@graph":[{"@type":"WebPage","@id":"https:\/\/www.antiquites-lecomte.com\/en\/delivery\/","url":"https:\/\/www.antiquites-lecomte.com\/en\/delivery\/","name":"Delivery - Antiquit\u00e9s Lecomte","isPartOf":{"@id":"https:\/\/www.antiquites-lecomte.com\/en\/#website"},"primaryImageOfPage":{"@id":"https:\/\/www.antiquites-lecomte.com\/en\/delivery\/#primaryimage"},"image":{"@id":"https:\/\/www.antiquites-lecomte.com\/en\/delivery\/#primaryimage"},"thumbnailUrl":"https:\/\/www.antiquites-lecomte.com\/wp-content\/uploads\/2022\/06\/Conditionnement1.jpg","datePublished":"2022-06-21T10:31:15+00:00","dateModified":"2025-12-24T10:47:35+00:00","breadcrumb":{"@id":"https:\/\/www.antiquites-lecomte.com\/en\/delivery\/#breadcrumb"},"inLanguage":"en-US","potentialAction":[{"@type":"ReadAction","target":["https:\/\/www.antiquites-lecomte.com\/en\/delivery\/"]}]},{"@type":"ImageObject","inLanguage":"en-US","@id":"https:\/\/www.antiquites-lecomte.com\/en\/delivery\/#primaryimage","url":"https:\/\/www.antiquites-lecomte.com\/wp-content\/uploads\/2022\/06\/Conditionnement1.jpg","contentUrl":"https:\/\/www.antiquites-lecomte.com\/wp-content\/uploads\/2022\/06\/Conditionnement1.jpg"},{"@type":"BreadcrumbList","@id":"https:\/\/www.antiquites-lecomte.com\/en\/delivery\/#breadcrumb","itemListElement":[{"@type":"ListItem","position":1,"name":"Accueil","item":"https:\/\/www.antiquites-lecomte.com\/en\/"},{"@type":"ListItem","position":2,"name":"Delivery"}]},{"@type":"WebSite","@id":"https:\/\/www.antiquites-lecomte.com\/en\/#website","url":"https:\/\/www.antiquites-lecomte.com\/en\/","name":"Antiquit\u00e9s Lecomte","description":"L&#039;\u00c9l\u00e9gance d&#039;Hier, le Style d&#039;Aujourd&#039;hui","publisher":{"@id":"https:\/\/www.antiquites-lecomte.com\/en\/#organization"},"potentialAction":[{"@type":"SearchAction","target":{"@type":"EntryPoint","urlTemplate":"https:\/\/www.antiquites-lecomte.com\/en\/?s={search_term_string}"},"query-input":{"@type":"PropertyValueSpecification","valueRequired":true,"valueName":"search_term_string"}}],"inLanguage":"en-US"},{"@type":"Organization","@id":"https:\/\/www.antiquites-lecomte.com\/en\/#organization","name":"Antiquit\u00e9s Lecomte","url":"https:\/\/www.antiquites-lecomte.com\/en\/","logo":{"@type":"ImageObject","inLanguage":"en-US","@id":"https:\/\/www.antiquites-lecomte.com\/en\/#\/schema\/logo\/image\/","url":"https:\/\/www.antiquites-lecomte.com\/wp-content\/uploads\/2024\/02\/Logo-Antiquites-Lecomte-Rond-2021.png","contentUrl":"https:\/\/www.antiquites-lecomte.com\/wp-content\/uploads\/2024\/02\/Logo-Antiquites-Lecomte-Rond-2021.png","width":500,"height":500,"caption":"Antiquit\u00e9s Lecomte"},"image":{"@id":"https:\/\/www.antiquites-lecomte.com\/en\/#\/schema\/logo\/image\/"},"sameAs":["https:\/\/www.facebook.com\/AntiquitesLecomte\/","https:\/\/fr.pinterest.com\/antiquitelecomte"]}]}},"_links":{"self":[{"href":"https:\/\/www.antiquites-lecomte.com\/en\/wp-json\/wp\/v2\/pages\/149224","targetHints":{"allow":["GET"]}}],"collection":[{"href":"https:\/\/www.antiquites-lecomte.com\/en\/wp-json\/wp\/v2\/pages"}],"about":[{"href":"https:\/\/www.antiquites-lecomte.com\/en\/wp-json\/wp\/v2\/types\/page"}],"author":[{"embeddable":true,"href":"https:\/\/www.antiquites-lecomte.com\/en\/wp-json\/wp\/v2\/users\/2"}],"replies":[{"embeddable":true,"href":"https:\/\/www.antiquites-lecomte.com\/en\/wp-json\/wp\/v2\/comments?post=149224"}],"version-history":[{"count":3,"href":"https:\/\/www.antiquites-lecomte.com\/en\/wp-json\/wp\/v2\/pages\/149224\/revisions"}],"predecessor-version":[{"id":149264,"href":"https:\/\/www.antiquites-lecomte.com\/en\/wp-json\/wp\/v2\/pages\/149224\/revisions\/149264"}],"wp:attachment":[{"href":"https:\/\/www.antiquites-lecomte.com\/en\/wp-json\/wp\/v2\/media?parent=149224"}],"curies":[{"name":"wp","href":"https:\/\/api.w.org\/{rel}","templated":true}]}}