{"id":149223,"date":"2025-06-13T10:06:51","date_gmt":"2025-06-13T08:06:51","guid":{"rendered":"https:\/\/www.antiquites-lecomte.com\/rental\/"},"modified":"2025-12-24T11:47:35","modified_gmt":"2025-12-24T10:47:35","slug":"rental","status":"publish","type":"page","link":"https:\/\/www.antiquites-lecomte.com\/en\/rental\/","title":{"rendered":"Rental"},"content":{"rendered":"\t\t<div data-elementor-type=\"wp-page\" data-elementor-id=\"149223\" class=\"elementor elementor-149223 elementor-142387\" data-elementor-post-type=\"page\">\n\t\t\t\t<div class=\"elementor-element elementor-element-b05eb89 e-flex e-con-boxed e-con e-parent\" data-id=\"b05eb89\" data-element_type=\"container\">\n\t\t\t\t\t<div class=\"e-con-inner\">\n\t\t\t\t<div class=\"elementor-element elementor-element-f4591d7 elementor-widget elementor-widget-breadcrumbs\" data-id=\"f4591d7\" data-element_type=\"widget\" data-widget_type=\"breadcrumbs.default\">\n\t\t\t\t<div class=\"elementor-widget-container\">\n\t\t\t\t\t<p id=\"breadcrumbs\"><span><span><a href=\"https:\/\/www.antiquites-lecomte.com\/en\/\">Accueil<\/a><\/span><\/span><\/p>\t\t\t\t<\/div>\n\t\t\t\t<\/div>\n\t\t\t\t\t<\/div>\n\t\t\t\t<\/div>\n\t\t<div class=\"elementor-element elementor-element-1dc6645 e-flex e-con-boxed e-con e-parent\" data-id=\"1dc6645\" data-element_type=\"container\">\n\t\t\t\t\t<div class=\"e-con-inner\">\n\t\t\t\t<div class=\"elementor-element elementor-element-47ee52b title-bars elementor-widget elementor-widget-heading\" data-id=\"47ee52b\" data-element_type=\"widget\" data-widget_type=\"heading.default\">\n\t\t\t\t<div class=\"elementor-widget-container\">\n\t\t\t\t\t<h1 class=\"elementor-heading-title elementor-size-default\">Rental<\/h1>\t\t\t\t<\/div>\n\t\t\t\t<\/div>\n\t\t\t\t<div class=\"elementor-element elementor-element-04c2bdb elementor-widget elementor-widget-text-editor\" data-id=\"04c2bdb\" data-element_type=\"widget\" data-widget_type=\"text-editor.default\">\n\t\t\t\t<div class=\"elementor-widget-container\">\n\t\t\t\t\t\t\t\t\t<p><strong>Looking for furniture to enhance your movie sets, TV series, plays, commercials or events?<\/strong> <br><strong>Antiquit\u00e9s Lecomte<\/strong> offers a <strong>wide selection of furniture for rent<\/strong>. All the pieces presented on our website and in our gallery are available to bring your projects to life.<\/p><p>In the world of the <strong>seventh art<\/strong>, set design plays a key role in instilling an atmosphere, evoking an era or bringing an authentic universe to life. Creating sets is both a <strong>logistical and financial<\/strong> challenge, which is why <strong>our catalog offers professionals a flexible, economical and inspiring solution<\/strong>.<\/p><p>Whether you&#8217;re looking for a <strong>period<\/strong> atmosphere or a <strong>vintage<\/strong> setting, the diversity of our furniture will meet your requirements. <strong>Tables, armchairs, chests of drawers, bookcases, mirrors, pictures<\/strong>, as <strong>well as a selection of decorative objects such as lamps, sculptures and vases<\/strong>, are available to enrich your decor.<\/p><p>The integration of <strong>unique design pieces<\/strong> or <strong>antique furniture<\/strong> allows the <strong>creation of personalized atmospheres<\/strong>, adapted to the visions of <strong>designers and photographers<\/strong>. We do our utmost to offer you <strong>tailor-made solutions<\/strong>, so that every event and ephemeral setting is a real success.<\/p><p> <\/p>\t\t\t\t\t\t\t\t<\/div>\n\t\t\t\t<\/div>\n\t\t\t\t<div class=\"elementor-element elementor-element-65faf88 elementor-widget__width-initial elementor-widget elementor-widget-text-editor\" data-id=\"65faf88\" data-element_type=\"widget\" data-widget_type=\"text-editor.default\">\n\t\t\t\t<div class=\"elementor-widget-container\">\n\t\t\t\t\t\t\t\t\t<p>Rental rate: <strong>15% <\/strong><strong>of the item&#8217;s selling price<\/strong><\/p><p>Deposit cheque for value of furniture<\/p><p>Collection and return of items by you or organization of transport by our company at your expense.<\/p><p>Please read the <span style=\"text-decoration: underline;\"><a href=\"https:\/\/www.antiquites-lecomte.com\/conditions-generales-de-location\/\">the general rental conditions<\/a><\/span><\/p>\t\t\t\t\t\t\t\t<\/div>\n\t\t\t\t<\/div>\n\t\t\t\t\t<\/div>\n\t\t\t\t<\/div>\n\t\t<div class=\"elementor-element elementor-element-80378ff e-flex e-con-boxed e-con e-parent\" data-id=\"80378ff\" data-element_type=\"container\">\n\t\t\t\t\t<div class=\"e-con-inner\">\n\t\t\t\t<div class=\"elementor-element elementor-element-095be71 elementor-widget elementor-widget-heading\" data-id=\"095be71\" data-element_type=\"widget\" data-widget_type=\"heading.default\">\n\t\t\t\t<div class=\"elementor-widget-container\">\n\t\t\t\t\t<h2 class=\"elementor-heading-title elementor-size-default\">Any questions?<br>Delivery information?<br>Contact us<\/h2>\t\t\t\t<\/div>\n\t\t\t\t<\/div>\n\t\t\t\t<div class=\"elementor-element elementor-element-61de2cd elementor-button-align-start elementor-widget elementor-widget-form\" data-id=\"61de2cd\" data-element_type=\"widget\" data-settings=\"{&quot;step_next_label&quot;:&quot;Next&quot;,&quot;step_previous_label&quot;:&quot;Previous&quot;,&quot;button_width&quot;:&quot;100&quot;,&quot;step_type&quot;:&quot;number_text&quot;,&quot;step_icon_shape&quot;:&quot;circle&quot;}\" data-widget_type=\"form.default\">\n\t\t\t\t<div class=\"elementor-widget-container\">\n\t\t\t\t\t\t\t<form class=\"elementor-form\" method=\"post\" name=\"New form\" aria-label=\"New form\">\n\t\t\t<input type=\"hidden\" name=\"post_id\" value=\"149223\"\/>\n\t\t\t<input type=\"hidden\" name=\"form_id\" value=\"61de2cd\"\/>\n\t\t\t<input type=\"hidden\" name=\"referer_title\" value=\"Rental - Antiquit\u00e9s Lecomte\" \/>\n\n\t\t\t\t\t\t\t<input type=\"hidden\" name=\"queried_id\" value=\"149223\"\/>\n\t\t\t\n\t\t\t<div class=\"elementor-form-fields-wrapper elementor-labels-\">\n\t\t\t\t\t\t\t\t<div class=\"elementor-field-type-text elementor-field-group elementor-column elementor-field-group-name elementor-col-50 elementor-field-required\">\n\t\t\t\t\t\t\t\t\t\t\t\t<label for=\"form-field-name\" class=\"elementor-field-label elementor-screen-only\">\n\t\t\t\t\t\t\t\tName\t\t\t\t\t\t\t<\/label>\n\t\t\t\t\t\t\t\t\t\t\t\t\t\t<input size=\"1\" type=\"text\" name=\"form_fields[name]\" id=\"form-field-name\" class=\"elementor-field elementor-size-sm  elementor-field-textual\" placeholder=\"Name *\" required=\"required\">\n\t\t\t\t\t\t\t\t\t\t\t<\/div>\n\t\t\t\t\t\t\t\t<div class=\"elementor-field-type-text elementor-field-group elementor-column elementor-field-group-field_7bfdd7f elementor-col-50\">\n\t\t\t\t\t\t\t\t\t\t\t\t<label for=\"form-field-field_7bfdd7f\" class=\"elementor-field-label elementor-screen-only\">\n\t\t\t\t\t\t\t\tFirst name\t\t\t\t\t\t\t<\/label>\n\t\t\t\t\t\t\t\t\t\t\t\t\t\t<input size=\"1\" type=\"text\" name=\"form_fields[field_7bfdd7f]\" id=\"form-field-field_7bfdd7f\" class=\"elementor-field elementor-size-sm  elementor-field-textual\" placeholder=\"First name\">\n\t\t\t\t\t\t\t\t\t\t\t<\/div>\n\t\t\t\t\t\t\t\t<div class=\"elementor-field-type-email elementor-field-group elementor-column elementor-field-group-email elementor-col-50 elementor-field-required\">\n\t\t\t\t\t\t\t\t\t\t\t\t<label for=\"form-field-email\" class=\"elementor-field-label elementor-screen-only\">\n\t\t\t\t\t\t\t\tE-mail\t\t\t\t\t\t\t<\/label>\n\t\t\t\t\t\t\t\t\t\t\t\t\t\t<input size=\"1\" type=\"email\" name=\"form_fields[email]\" id=\"form-field-email\" class=\"elementor-field elementor-size-sm  elementor-field-textual\" placeholder=\"E-mail *\" required=\"required\">\n\t\t\t\t\t\t\t\t\t\t\t<\/div>\n\t\t\t\t\t\t\t\t<div class=\"elementor-field-type-text elementor-field-group elementor-column elementor-field-group-field_7347dce elementor-col-50\">\n\t\t\t\t\t\t\t\t\t\t\t\t<label for=\"form-field-field_7347dce\" class=\"elementor-field-label elementor-screen-only\">\n\t\t\t\t\t\t\t\tPhone\t\t\t\t\t\t\t<\/label>\n\t\t\t\t\t\t\t\t\t\t\t\t\t\t<input size=\"1\" type=\"text\" name=\"form_fields[field_7347dce]\" id=\"form-field-field_7347dce\" class=\"elementor-field elementor-size-sm  elementor-field-textual\" placeholder=\"Phone\">\n\t\t\t\t\t\t\t\t\t\t\t<\/div>\n\t\t\t\t\t\t\t\t<div class=\"elementor-field-type-textarea elementor-field-group elementor-column elementor-field-group-message elementor-col-100 elementor-field-required\">\n\t\t\t\t\t\t\t\t\t\t\t\t<label for=\"form-field-message\" class=\"elementor-field-label elementor-screen-only\">\n\t\t\t\t\t\t\t\tMessage\t\t\t\t\t\t\t<\/label>\n\t\t\t\t\t\t<textarea class=\"elementor-field-textual elementor-field  elementor-size-sm\" name=\"form_fields[message]\" id=\"form-field-message\" rows=\"4\" placeholder=\"Message *\" required=\"required\"><\/textarea>\t\t\t\t<\/div>\n\t\t\t\t\t\t\t\t<div class=\"elementor-field-type-recaptcha_v3 elementor-field-group elementor-column elementor-field-group-field_ca7900f elementor-col-100 recaptcha_v3-bottomright\">\n\t\t\t\t\t<div class=\"elementor-field\" id=\"form-field-field_ca7900f\"><div class=\"elementor-g-recaptcha\" data-sitekey=\"6Lewn-MUAAAAADhUz7o3Z5iZr0lxOJVsHRGXK8v-\" data-type=\"v3\" data-action=\"Form\" data-badge=\"bottomright\" data-size=\"invisible\"><\/div><\/div>\t\t\t\t<\/div>\n\t\t\t\t\t\t\t\t<div class=\"elementor-field-group elementor-column elementor-field-type-submit elementor-col-100 e-form__buttons\">\n\t\t\t\t\t<button class=\"elementor-button elementor-size-sm\" type=\"submit\">\n\t\t\t\t\t\t<span class=\"elementor-button-content-wrapper\">\n\t\t\t\t\t\t\t\t\t\t\t\t\t\t\t\t\t\t\t\t\t\t<span class=\"elementor-button-text\">Send<\/span>\n\t\t\t\t\t\t\t\t\t\t\t\t\t<\/span>\n\t\t\t\t\t<\/button>\n\t\t\t\t<\/div>\n\t\t\t<\/div>\n\t\t<\/form>\n\t\t\t\t\t\t<\/div>\n\t\t\t\t<\/div>\n\t\t\t\t\t<\/div>\n\t\t\t\t<\/div>\n\t\t<div class=\"elementor-element elementor-element-f93c6f9 e-flex e-con-boxed e-con e-parent\" data-id=\"f93c6f9\" data-element_type=\"container\">\n\t\t\t\t\t<div class=\"e-con-inner\">\n\t\t\t\t<div class=\"elementor-element elementor-element-df4245c title-bars elementor-widget elementor-widget-heading\" data-id=\"df4245c\" data-element_type=\"widget\" data-widget_type=\"heading.default\">\n\t\t\t\t<div class=\"elementor-widget-container\">\n\t\t\t\t\t<h1 class=\"elementor-heading-title elementor-size-default\">Your requirements, our passion: working together to enhance your image<\/h1>\t\t\t\t<\/div>\n\t\t\t\t<\/div>\n\t\t\t\t\t<\/div>\n\t\t\t\t<\/div>\n\t\t<div class=\"elementor-element elementor-element-d357983 e-con-full e-flex e-con e-parent\" data-id=\"d357983\" data-element_type=\"container\">\n\t\t\t\t<div class=\"elementor-element elementor-element-b0cfcdf elementor-arrows-position-outside elementor-pagination-position-inside elementor-widget elementor-widget-image-carousel\" data-id=\"b0cfcdf\" data-element_type=\"widget\" data-settings=\"{&quot;slides_to_show&quot;:&quot;1&quot;,&quot;navigation&quot;:&quot;both&quot;,&quot;autoplay&quot;:&quot;yes&quot;,&quot;autoplay_speed&quot;:5000,&quot;infinite&quot;:&quot;yes&quot;,&quot;effect&quot;:&quot;slide&quot;,&quot;speed&quot;:500}\" data-widget_type=\"image-carousel.default\">\n\t\t\t\t<div class=\"elementor-widget-container\">\n\t\t\t\t\t\t\t<div class=\"elementor-image-carousel-wrapper swiper\" role=\"region\" aria-roledescription=\"carousel\" aria-label=\"Carrousel d\u2019images\" dir=\"ltr\">\n\t\t\t<div class=\"elementor-image-carousel swiper-wrapper\" aria-live=\"off\">\n\t\t\t\t\t\t\t\t<div class=\"swiper-slide\" role=\"group\" aria-roledescription=\"slide\" aria-label=\"1 of 5\"><figure class=\"swiper-slide-inner\"><img decoding=\"async\" class=\"swiper-slide-image\" src=\"https:\/\/www.antiquites-lecomte.com\/wp-content\/uploads\/2025\/06\/Franklin_.jpg\" alt=\"Franklin_\" \/><\/figure><\/div><div class=\"swiper-slide\" role=\"group\" aria-roledescription=\"slide\" aria-label=\"2 of 5\"><figure class=\"swiper-slide-inner\"><img decoding=\"async\" class=\"swiper-slide-image\" src=\"https:\/\/www.antiquites-lecomte.com\/wp-content\/uploads\/2025\/06\/sarah-bernhardt-768x570.jpg\" alt=\"sarah bernhardt\" \/><\/figure><\/div><div class=\"swiper-slide\" role=\"group\" aria-roledescription=\"slide\" aria-label=\"3 of 5\"><figure class=\"swiper-slide-inner\"><img decoding=\"async\" class=\"swiper-slide-image\" src=\"https:\/\/www.antiquites-lecomte.com\/wp-content\/uploads\/2025\/06\/memoire-vive.jpeg\" alt=\"living memory\" \/><\/figure><\/div><div class=\"swiper-slide\" role=\"group\" aria-roledescription=\"slide\" aria-label=\"4 of 5\"><figure class=\"swiper-slide-inner\"><img decoding=\"async\" class=\"swiper-slide-image\" src=\"https:\/\/www.antiquites-lecomte.com\/wp-content\/uploads\/2025\/06\/1393466.entity.jpg\" alt=\"1393466.entity\" \/><\/figure><\/div><div class=\"swiper-slide\" role=\"group\" aria-roledescription=\"slide\" aria-label=\"5 of 5\"><figure class=\"swiper-slide-inner\"><img decoding=\"async\" class=\"swiper-slide-image\" src=\"https:\/\/www.antiquites-lecomte.com\/wp-content\/uploads\/2025\/06\/compagnons-475x705-1.png\" alt=\"companions-475x705\" \/><\/figure><\/div>\t\t\t<\/div>\n\t\t\t\t\t\t\t\t\t\t\t\t<div class=\"elementor-swiper-button elementor-swiper-button-prev\" role=\"button\" tabindex=\"0\">\n\t\t\t\t\t\t<svg aria-hidden=\"true\" class=\"e-font-icon-svg e-eicon-chevron-left\" viewBox=\"0 0 1000 1000\" xmlns=\"http:\/\/www.w3.org\/2000\/svg\"><path d=\"M646 125C629 125 613 133 604 142L308 442C296 454 292 471 292 487 292 504 296 521 308 533L604 854C617 867 629 875 646 875 663 875 679 871 692 858 704 846 713 829 713 812 713 796 708 779 692 767L438 487 692 225C700 217 708 204 708 187 708 171 704 154 692 142 675 129 663 125 646 125Z\"><\/path><\/svg>\t\t\t\t\t<\/div>\n\t\t\t\t\t<div class=\"elementor-swiper-button elementor-swiper-button-next\" role=\"button\" tabindex=\"0\">\n\t\t\t\t\t\t<svg aria-hidden=\"true\" class=\"e-font-icon-svg e-eicon-chevron-right\" viewBox=\"0 0 1000 1000\" xmlns=\"http:\/\/www.w3.org\/2000\/svg\"><path d=\"M696 533C708 521 713 504 713 487 713 471 708 454 696 446L400 146C388 133 375 125 354 125 338 125 325 129 313 142 300 154 292 171 292 187 292 204 296 221 308 233L563 492 304 771C292 783 288 800 288 817 288 833 296 850 308 863 321 871 338 875 354 875 371 875 388 867 400 854L696 533Z\"><\/path><\/svg>\t\t\t\t\t<\/div>\n\t\t\t\t\n\t\t\t\t\t\t\t\t\t<div class=\"swiper-pagination\"><\/div>\n\t\t\t\t\t\t\t\t\t<\/div>\n\t\t\t\t\t\t<\/div>\n\t\t\t\t<\/div>\n\t\t\t\t<\/div>\n\t\t\t\t<\/div>\n\t\t","protected":false},"excerpt":{"rendered":"<p>Rental Looking for furniture to enhance your movie sets, TV series, plays, commercials or events? Antiquit\u00e9s Lecomte offers a wide selection of furniture for rent. All the pieces presented on our website and in our gallery are available to bring your projects to life. In the world of the seventh art, set design plays a [&hellip;]<\/p>\n","protected":false},"author":96,"featured_media":0,"parent":0,"menu_order":0,"comment_status":"closed","ping_status":"closed","template":"","meta":{"footnotes":""},"class_list":["post-149223","page","type-page","status-publish","hentry"],"yoast_head":"<!-- This site is optimized with the Yoast SEO plugin v26.6 - https:\/\/yoast.com\/wordpress\/plugins\/seo\/ -->\n<title>Rental - Antiquit\u00e9s Lecomte<\/title>\n<meta name=\"robots\" content=\"index, follow, max-snippet:-1, max-image-preview:large, max-video-preview:-1\" \/>\n<link rel=\"canonical\" href=\"https:\/\/www.antiquites-lecomte.com\/en\/rental\/\" \/>\n<meta property=\"og:locale\" content=\"en_US\" \/>\n<meta property=\"og:type\" content=\"article\" \/>\n<meta property=\"og:title\" content=\"Rental - Antiquit\u00e9s Lecomte\" \/>\n<meta property=\"og:description\" content=\"Rental Looking for furniture to enhance your movie sets, TV series, plays, commercials or events? Antiquit\u00e9s Lecomte offers a wide selection of furniture for rent. All the pieces presented on our website and in our gallery are available to bring your projects to life. In the world of the seventh art, set design plays a [&hellip;]\" \/>\n<meta property=\"og:url\" content=\"https:\/\/www.antiquites-lecomte.com\/en\/rental\/\" \/>\n<meta property=\"og:site_name\" content=\"Antiquit\u00e9s Lecomte\" \/>\n<meta property=\"article:publisher\" content=\"https:\/\/www.facebook.com\/AntiquitesLecomte\/\" \/>\n<meta property=\"article:modified_time\" content=\"2025-12-24T10:47:35+00:00\" \/>\n<meta property=\"og:image\" content=\"https:\/\/www.antiquites-lecomte.com\/wp-content\/uploads\/2025\/06\/Franklin_.jpg\" \/>\n<meta name=\"twitter:card\" content=\"summary_large_image\" \/>\n<meta name=\"twitter:label1\" content=\"Est. reading time\" \/>\n\t<meta name=\"twitter:data1\" content=\"1 minute\" \/>\n<script type=\"application\/ld+json\" class=\"yoast-schema-graph\">{\"@context\":\"https:\/\/schema.org\",\"@graph\":[{\"@type\":\"WebPage\",\"@id\":\"https:\/\/www.antiquites-lecomte.com\/en\/rental\/\",\"url\":\"https:\/\/www.antiquites-lecomte.com\/en\/rental\/\",\"name\":\"Rental - Antiquit\u00e9s Lecomte\",\"isPartOf\":{\"@id\":\"https:\/\/www.antiquites-lecomte.com\/en\/#website\"},\"primaryImageOfPage\":{\"@id\":\"https:\/\/www.antiquites-lecomte.com\/en\/rental\/#primaryimage\"},\"image\":{\"@id\":\"https:\/\/www.antiquites-lecomte.com\/en\/rental\/#primaryimage\"},\"thumbnailUrl\":\"https:\/\/www.antiquites-lecomte.com\/wp-content\/uploads\/2025\/06\/Franklin_.jpg\",\"datePublished\":\"2025-06-13T08:06:51+00:00\",\"dateModified\":\"2025-12-24T10:47:35+00:00\",\"breadcrumb\":{\"@id\":\"https:\/\/www.antiquites-lecomte.com\/en\/rental\/#breadcrumb\"},\"inLanguage\":\"en-US\",\"potentialAction\":[{\"@type\":\"ReadAction\",\"target\":[\"https:\/\/www.antiquites-lecomte.com\/en\/rental\/\"]}]},{\"@type\":\"ImageObject\",\"inLanguage\":\"en-US\",\"@id\":\"https:\/\/www.antiquites-lecomte.com\/en\/rental\/#primaryimage\",\"url\":\"https:\/\/www.antiquites-lecomte.com\/wp-content\/uploads\/2025\/06\/Franklin_.jpg\",\"contentUrl\":\"https:\/\/www.antiquites-lecomte.com\/wp-content\/uploads\/2025\/06\/Franklin_.jpg\"},{\"@type\":\"BreadcrumbList\",\"@id\":\"https:\/\/www.antiquites-lecomte.com\/en\/rental\/#breadcrumb\",\"itemListElement\":[{\"@type\":\"ListItem\",\"position\":1,\"name\":\"Accueil\",\"item\":\"https:\/\/www.antiquites-lecomte.com\/en\/\"},{\"@type\":\"ListItem\",\"position\":2,\"name\":\"Rental\"}]},{\"@type\":\"WebSite\",\"@id\":\"https:\/\/www.antiquites-lecomte.com\/en\/#website\",\"url\":\"https:\/\/www.antiquites-lecomte.com\/en\/\",\"name\":\"Antiquit\u00e9s Lecomte\",\"description\":\"L&#039;\u00c9l\u00e9gance d&#039;Hier, le Style d&#039;Aujourd&#039;hui\",\"publisher\":{\"@id\":\"https:\/\/www.antiquites-lecomte.com\/en\/#organization\"},\"potentialAction\":[{\"@type\":\"SearchAction\",\"target\":{\"@type\":\"EntryPoint\",\"urlTemplate\":\"https:\/\/www.antiquites-lecomte.com\/en\/?s={search_term_string}\"},\"query-input\":{\"@type\":\"PropertyValueSpecification\",\"valueRequired\":true,\"valueName\":\"search_term_string\"}}],\"inLanguage\":\"en-US\"},{\"@type\":\"Organization\",\"@id\":\"https:\/\/www.antiquites-lecomte.com\/en\/#organization\",\"name\":\"Antiquit\u00e9s Lecomte\",\"url\":\"https:\/\/www.antiquites-lecomte.com\/en\/\",\"logo\":{\"@type\":\"ImageObject\",\"inLanguage\":\"en-US\",\"@id\":\"https:\/\/www.antiquites-lecomte.com\/en\/#\/schema\/logo\/image\/\",\"url\":\"https:\/\/www.antiquites-lecomte.com\/wp-content\/uploads\/2024\/02\/Logo-Antiquites-Lecomte-Rond-2021.png\",\"contentUrl\":\"https:\/\/www.antiquites-lecomte.com\/wp-content\/uploads\/2024\/02\/Logo-Antiquites-Lecomte-Rond-2021.png\",\"width\":500,\"height\":500,\"caption\":\"Antiquit\u00e9s Lecomte\"},\"image\":{\"@id\":\"https:\/\/www.antiquites-lecomte.com\/en\/#\/schema\/logo\/image\/\"},\"sameAs\":[\"https:\/\/www.facebook.com\/AntiquitesLecomte\/\",\"https:\/\/fr.pinterest.com\/antiquitelecomte\"]}]}<\/script>\n<!-- \/ Yoast SEO plugin. -->","yoast_head_json":{"title":"Rental - Antiquit\u00e9s Lecomte","robots":{"index":"index","follow":"follow","max-snippet":"max-snippet:-1","max-image-preview":"max-image-preview:large","max-video-preview":"max-video-preview:-1"},"canonical":"https:\/\/www.antiquites-lecomte.com\/en\/rental\/","og_locale":"en_US","og_type":"article","og_title":"Rental - Antiquit\u00e9s Lecomte","og_description":"Rental Looking for furniture to enhance your movie sets, TV series, plays, commercials or events? Antiquit\u00e9s Lecomte offers a wide selection of furniture for rent. All the pieces presented on our website and in our gallery are available to bring your projects to life. In the world of the seventh art, set design plays a [&hellip;]","og_url":"https:\/\/www.antiquites-lecomte.com\/en\/rental\/","og_site_name":"Antiquit\u00e9s Lecomte","article_publisher":"https:\/\/www.facebook.com\/AntiquitesLecomte\/","article_modified_time":"2025-12-24T10:47:35+00:00","og_image":[{"url":"https:\/\/www.antiquites-lecomte.com\/wp-content\/uploads\/2025\/06\/Franklin_.jpg","type":"","width":"","height":""}],"twitter_card":"summary_large_image","twitter_misc":{"Est. reading time":"1 minute"},"schema":{"@context":"https:\/\/schema.org","@graph":[{"@type":"WebPage","@id":"https:\/\/www.antiquites-lecomte.com\/en\/rental\/","url":"https:\/\/www.antiquites-lecomte.com\/en\/rental\/","name":"Rental - Antiquit\u00e9s Lecomte","isPartOf":{"@id":"https:\/\/www.antiquites-lecomte.com\/en\/#website"},"primaryImageOfPage":{"@id":"https:\/\/www.antiquites-lecomte.com\/en\/rental\/#primaryimage"},"image":{"@id":"https:\/\/www.antiquites-lecomte.com\/en\/rental\/#primaryimage"},"thumbnailUrl":"https:\/\/www.antiquites-lecomte.com\/wp-content\/uploads\/2025\/06\/Franklin_.jpg","datePublished":"2025-06-13T08:06:51+00:00","dateModified":"2025-12-24T10:47:35+00:00","breadcrumb":{"@id":"https:\/\/www.antiquites-lecomte.com\/en\/rental\/#breadcrumb"},"inLanguage":"en-US","potentialAction":[{"@type":"ReadAction","target":["https:\/\/www.antiquites-lecomte.com\/en\/rental\/"]}]},{"@type":"ImageObject","inLanguage":"en-US","@id":"https:\/\/www.antiquites-lecomte.com\/en\/rental\/#primaryimage","url":"https:\/\/www.antiquites-lecomte.com\/wp-content\/uploads\/2025\/06\/Franklin_.jpg","contentUrl":"https:\/\/www.antiquites-lecomte.com\/wp-content\/uploads\/2025\/06\/Franklin_.jpg"},{"@type":"BreadcrumbList","@id":"https:\/\/www.antiquites-lecomte.com\/en\/rental\/#breadcrumb","itemListElement":[{"@type":"ListItem","position":1,"name":"Accueil","item":"https:\/\/www.antiquites-lecomte.com\/en\/"},{"@type":"ListItem","position":2,"name":"Rental"}]},{"@type":"WebSite","@id":"https:\/\/www.antiquites-lecomte.com\/en\/#website","url":"https:\/\/www.antiquites-lecomte.com\/en\/","name":"Antiquit\u00e9s Lecomte","description":"L&#039;\u00c9l\u00e9gance d&#039;Hier, le Style d&#039;Aujourd&#039;hui","publisher":{"@id":"https:\/\/www.antiquites-lecomte.com\/en\/#organization"},"potentialAction":[{"@type":"SearchAction","target":{"@type":"EntryPoint","urlTemplate":"https:\/\/www.antiquites-lecomte.com\/en\/?s={search_term_string}"},"query-input":{"@type":"PropertyValueSpecification","valueRequired":true,"valueName":"search_term_string"}}],"inLanguage":"en-US"},{"@type":"Organization","@id":"https:\/\/www.antiquites-lecomte.com\/en\/#organization","name":"Antiquit\u00e9s Lecomte","url":"https:\/\/www.antiquites-lecomte.com\/en\/","logo":{"@type":"ImageObject","inLanguage":"en-US","@id":"https:\/\/www.antiquites-lecomte.com\/en\/#\/schema\/logo\/image\/","url":"https:\/\/www.antiquites-lecomte.com\/wp-content\/uploads\/2024\/02\/Logo-Antiquites-Lecomte-Rond-2021.png","contentUrl":"https:\/\/www.antiquites-lecomte.com\/wp-content\/uploads\/2024\/02\/Logo-Antiquites-Lecomte-Rond-2021.png","width":500,"height":500,"caption":"Antiquit\u00e9s Lecomte"},"image":{"@id":"https:\/\/www.antiquites-lecomte.com\/en\/#\/schema\/logo\/image\/"},"sameAs":["https:\/\/www.facebook.com\/AntiquitesLecomte\/","https:\/\/fr.pinterest.com\/antiquitelecomte"]}]}},"_links":{"self":[{"href":"https:\/\/www.antiquites-lecomte.com\/en\/wp-json\/wp\/v2\/pages\/149223","targetHints":{"allow":["GET"]}}],"collection":[{"href":"https:\/\/www.antiquites-lecomte.com\/en\/wp-json\/wp\/v2\/pages"}],"about":[{"href":"https:\/\/www.antiquites-lecomte.com\/en\/wp-json\/wp\/v2\/types\/page"}],"author":[{"embeddable":true,"href":"https:\/\/www.antiquites-lecomte.com\/en\/wp-json\/wp\/v2\/users\/96"}],"replies":[{"embeddable":true,"href":"https:\/\/www.antiquites-lecomte.com\/en\/wp-json\/wp\/v2\/comments?post=149223"}],"version-history":[{"count":3,"href":"https:\/\/www.antiquites-lecomte.com\/en\/wp-json\/wp\/v2\/pages\/149223\/revisions"}],"predecessor-version":[{"id":149266,"href":"https:\/\/www.antiquites-lecomte.com\/en\/wp-json\/wp\/v2\/pages\/149223\/revisions\/149266"}],"wp:attachment":[{"href":"https:\/\/www.antiquites-lecomte.com\/en\/wp-json\/wp\/v2\/media?parent=149223"}],"curies":[{"name":"wp","href":"https:\/\/api.w.org\/{rel}","templated":true}]}}